{"id":6285,"date":"2021-08-14T17:38:45","date_gmt":"2021-08-14T17:38:45","guid":{"rendered":"https:\/\/ultimo.rs\/?post_type=product&#038;p=6285"},"modified":"2021-08-24T08:43:28","modified_gmt":"2021-08-24T08:43:28","slug":"polibet-fiber-hp","status":"publish","type":"product","link":"https:\/\/ultimo.rs\/sr\/\u043f\u0440\u043e\u0438\u0437\u0432\u043e\u0434\/polibet-fiber-hp\/","title":{"rendered":"POLIBET FIBER HP"},"content":{"rendered":"<p><span style=\"font-weight: 400;\">Koristi se u izradi industrijskih podova gde se zahteva visoka mehani\u010dka \u010dvrsto\u0107a, elasti\u010dnost i otpornost na habanje. Odlikuje se visokom mehani\u010dkom \u010dvrsto\u0107om (\u2265 75MPa) i otpornosti na savijanje (\u2265 10MPa). Lako se nanosi (samoniveliraju\u0107 materijal) uz odli\u010dno prijanjanje na podlogu. Prisustvo vlakana u materijalu spre\u010dava pojavu mikroprslina na povr\u0161ini koja se obra\u0111uje.<\/span><\/p>\n<p><span style=\"font-weight: 400;\">\u00a0Jednostavno se mo\u017ee koristiti za dekoraciju podnih povr\u0161ina. Pri izradi dekorativnih elemenata neophodno je, ma\u0161inski ili ru\u010dno, obrusiti povr\u0161inski sloj. Izra\u0111uje se u dve boje, sivoj i beloj, a mogu\u0107e je tonirati materijal u \u017eeljene boje koriste\u0107i oksidni pigment koji se dodaje u suvu komponentu.<\/span><\/p>","protected":false},"excerpt":{"rendered":"<p><span style=\"font-weight: 400;\">POLIBET FIBER HP je dvokomponentni materijal visokih performansi za izradu industrijskih podova. Izra\u0111en od posebno izabranih cementnih me\u0161avina, specijalno biranog mermernog agregata oja\u010danog vlaknima, te\u010dnog polimera I aditiva.<\/span><\/p>","protected":false},"featured_media":186,"template":"","meta":[],"product_cat":[107],"product_tag":[],"_links":{"self":[{"href":"https:\/\/ultimo.rs\/sr\/wp-json\/wp\/v2\/product\/6285"}],"collection":[{"href":"https:\/\/ultimo.rs\/sr\/wp-json\/wp\/v2\/product"}],"about":[{"href":"https:\/\/ultimo.rs\/sr\/wp-json\/wp\/v2\/types\/product"}],"wp:featuredmedia":[{"embeddable":true,"href":"https:\/\/ultimo.rs\/sr\/wp-json\/wp\/v2\/media\/186"}],"wp:attachment":[{"href":"https:\/\/ultimo.rs\/sr\/wp-json\/wp\/v2\/media?parent=6285"}],"wp:term":[{"taxonomy":"product_cat","embeddable":true,"href":"https:\/\/ultimo.rs\/sr\/wp-json\/wp\/v2\/product_cat?post=6285"},{"taxonomy":"product_tag","embeddable":true,"href":"https:\/\/ultimo.rs\/sr\/wp-json\/wp\/v2\/product_tag?post=6285"}],"curies":[{"name":"wp","href":"https:\/\/api.w.org\/{rel}","templated":true}]}}