{"id":6284,"date":"2021-08-14T17:38:09","date_gmt":"2021-08-14T17:38:09","guid":{"rendered":"https:\/\/ultimo.rs\/?post_type=product&#038;p=6284"},"modified":"2021-08-24T08:43:03","modified_gmt":"2021-08-24T08:43:03","slug":"polibet-hp","status":"publish","type":"product","link":"https:\/\/ultimo.rs\/sr\/\u043f\u0440\u043e\u0438\u0437\u0432\u043e\u0434\/polibet-hp\/","title":{"rendered":"POLIBET HP"},"content":{"rendered":"<p><span style=\"font-weight: 400;\">Koristi se u izradi industrijskih podova gde se zahteva visoka mehani\u010dka \u010dvrsto\u0107a, elasti\u010dnost i otpornost na habanje. Odlikuje se visokom mehani\u010dkom \u010dvrsto\u0107om (\u2265 70MPa) i otpornosti na savijanje (\u2265 9MPa). Lako se nanosi (samoniveliraju\u0107 materijal) uz odli\u010dno prijanjanje na podlogu. Mo\u017ee se koristiti za dekoraciju podnih povr\u0161ina. Pri izradi dekorativnih elemenata neophodno je, ma\u0161inski ili ru\u010dno, obrusiti povr\u0161inski sloj. Izra\u0111uje se u dve boje, sivoj i beloj, a mogu\u0107e je tonirati materijal u \u017eeljene boje koriste\u0107i oksidni pigment koji se dodaje u suvu komponentu.<\/span><\/p>","protected":false},"excerpt":{"rendered":"<p><span style=\"font-weight: 400;\">POLIBET HP je dvokomponentni materijal visokih performansi za izradu industrijskih podova. Izra\u0111en od posebno izabranih cementnih me\u0161avina, specijalno biranog mermernog agregata, te\u010dnog polimera I aditiva.<\/span><\/p>","protected":false},"featured_media":322,"template":"","meta":[],"product_cat":[107],"product_tag":[],"_links":{"self":[{"href":"https:\/\/ultimo.rs\/sr\/wp-json\/wp\/v2\/product\/6284"}],"collection":[{"href":"https:\/\/ultimo.rs\/sr\/wp-json\/wp\/v2\/product"}],"about":[{"href":"https:\/\/ultimo.rs\/sr\/wp-json\/wp\/v2\/types\/product"}],"wp:featuredmedia":[{"embeddable":true,"href":"https:\/\/ultimo.rs\/sr\/wp-json\/wp\/v2\/media\/322"}],"wp:attachment":[{"href":"https:\/\/ultimo.rs\/sr\/wp-json\/wp\/v2\/media?parent=6284"}],"wp:term":[{"taxonomy":"product_cat","embeddable":true,"href":"https:\/\/ultimo.rs\/sr\/wp-json\/wp\/v2\/product_cat?post=6284"},{"taxonomy":"product_tag","embeddable":true,"href":"https:\/\/ultimo.rs\/sr\/wp-json\/wp\/v2\/product_tag?post=6284"}],"curies":[{"name":"wp","href":"https:\/\/api.w.org\/{rel}","templated":true}]}}