{"id":6283,"date":"2021-08-14T17:37:32","date_gmt":"2021-08-14T17:37:32","guid":{"rendered":"https:\/\/ultimo.rs\/?post_type=product&#038;p=6283"},"modified":"2021-08-24T08:42:37","modified_gmt":"2021-08-24T08:42:37","slug":"polibet-marble-wall-color","status":"publish","type":"product","link":"https:\/\/ultimo.rs\/sr\/\u043f\u0440\u043e\u0438\u0437\u0432\u043e\u0434\/polibet-marble-wall-color\/","title":{"rendered":"POLIBET MARBLE WALL COLOR"},"content":{"rendered":"<p><span style=\"font-weight: 400;\">Specijalni dekorativni malter visokih performansi za malterisanje vertikalnih i plafonskih betonskih povr\u0161ina. Koristi se za izradu dekorativnih zidnih i plafonskih povr\u0161ina spolja i unutra. Lako se nanosi na povr\u0161ine koje se tretiraju, izrazito visoke mehani\u010dke \u010dvrsto\u0107e (\u2265 65MPa i otpornosti na savijanje (\u2265 8MPa). Zahvaljuju\u0107i mermernom puniocu ima visoku otpornost na habanje. Lako se nanosi i ima vi\u0161e mogu\u0107nosti zavr\u0161ne obrade: ugla\u010dano ili sa zrnastom strukturom. Nanosi se obi\u010dnom zidarskom gletaricom.<\/span><\/p>\n<p><span style=\"font-weight: 400;\">Materijal je mogu\u0107e tonirati oksidnim pigmentima i dobiti \u0161irok spektar boja zidova ili plafona. Materijal je vodonepropustan!<\/span><\/p>","protected":false},"excerpt":{"rendered":"<p><span style=\"font-weight: 400;\">POLIBET MARBLE WALL COLOR je dvokomponentni materijal visokih performansi za izradu dekorativnih zidova. Izra\u0111en od posebno izabranih me\u0161avina belog cementa, specijalnog mermernog agregata, te\u010dnog polimera I aditiva.<\/span><\/p>","protected":false},"featured_media":322,"template":"","meta":[],"product_cat":[106],"product_tag":[],"_links":{"self":[{"href":"https:\/\/ultimo.rs\/sr\/wp-json\/wp\/v2\/product\/6283"}],"collection":[{"href":"https:\/\/ultimo.rs\/sr\/wp-json\/wp\/v2\/product"}],"about":[{"href":"https:\/\/ultimo.rs\/sr\/wp-json\/wp\/v2\/types\/product"}],"wp:featuredmedia":[{"embeddable":true,"href":"https:\/\/ultimo.rs\/sr\/wp-json\/wp\/v2\/media\/322"}],"wp:attachment":[{"href":"https:\/\/ultimo.rs\/sr\/wp-json\/wp\/v2\/media?parent=6283"}],"wp:term":[{"taxonomy":"product_cat","embeddable":true,"href":"https:\/\/ultimo.rs\/sr\/wp-json\/wp\/v2\/product_cat?post=6283"},{"taxonomy":"product_tag","embeddable":true,"href":"https:\/\/ultimo.rs\/sr\/wp-json\/wp\/v2\/product_tag?post=6283"}],"curies":[{"name":"wp","href":"https:\/\/api.w.org\/{rel}","templated":true}]}}