{"id":6282,"date":"2021-08-14T17:36:57","date_gmt":"2021-08-14T17:36:57","guid":{"rendered":"https:\/\/ultimo.rs\/?post_type=product&#038;p=6282"},"modified":"2021-08-24T08:42:02","modified_gmt":"2021-08-24T08:42:02","slug":"polibet-marble-floor-color","status":"publish","type":"product","link":"https:\/\/ultimo.rs\/sr\/\u043f\u0440\u043e\u0438\u0437\u0432\u043e\u0434\/polibet-marble-floor-color\/","title":{"rendered":"POLIBET MARBLE FLOOR COLOR"},"content":{"rendered":"<p><span style=\"font-weight: 400;\">Koristi se za izradu decorativnih podova u enterijeru. Zahvaljuju\u0107i beloj bazi samog materijala, lako se tonira pra\u0161kastim i te\u010dnim pigmentima, da bi se dobila \u017eeljena boja, po \u017eelji dizajnera. Materijal odlikuje visoka mehani\u010dka \u010dvrsto\u0107a (\u2265 60MPa \u010dvrsto\u0107a na pritisak i \u2265 8MPa \u010dvrsto\u0107a na savijanje), lako se nanosi (samoniveliraju\u0107a masa), visoka otpornost na habanje (mermer kao punioc) i odli\u010dno prijanjanje na podlogu (visoka adhezija).<\/span><\/p>\n<p><span style=\"font-weight: 400;\">Zavr\u0161na povr\u0161ina mo\u017ee biti glatka i zrnasta.<\/span><\/p>","protected":false},"excerpt":{"rendered":"<p><span style=\"font-weight: 400;\">POLIBET MARBLE FLOOR COLOR je dvokomponentni materijal visokih performansi za izradu dekorativnih podova. Izra\u0111en od posebno izabranih me\u0161avina belog cementa, specijalnog mermernog agregata, te\u010dnog polimera I aditiva.<\/span><\/p>","protected":false},"featured_media":322,"template":"","meta":[],"product_cat":[106],"product_tag":[],"_links":{"self":[{"href":"https:\/\/ultimo.rs\/sr\/wp-json\/wp\/v2\/product\/6282"}],"collection":[{"href":"https:\/\/ultimo.rs\/sr\/wp-json\/wp\/v2\/product"}],"about":[{"href":"https:\/\/ultimo.rs\/sr\/wp-json\/wp\/v2\/types\/product"}],"wp:featuredmedia":[{"embeddable":true,"href":"https:\/\/ultimo.rs\/sr\/wp-json\/wp\/v2\/media\/322"}],"wp:attachment":[{"href":"https:\/\/ultimo.rs\/sr\/wp-json\/wp\/v2\/media?parent=6282"}],"wp:term":[{"taxonomy":"product_cat","embeddable":true,"href":"https:\/\/ultimo.rs\/sr\/wp-json\/wp\/v2\/product_cat?post=6282"},{"taxonomy":"product_tag","embeddable":true,"href":"https:\/\/ultimo.rs\/sr\/wp-json\/wp\/v2\/product_tag?post=6282"}],"curies":[{"name":"wp","href":"https:\/\/api.w.org\/{rel}","templated":true}]}}