{"id":6280,"date":"2021-08-14T17:35:54","date_gmt":"2021-08-14T17:35:54","guid":{"rendered":"https:\/\/ultimo.rs\/?post_type=product&#038;p=6280"},"modified":"2021-09-01T08:35:05","modified_gmt":"2021-09-01T08:35:05","slug":"feroteac-navy","status":"publish","type":"product","link":"https:\/\/ultimo.rs\/sr\/\u043f\u0440\u043e\u0438\u0437\u0432\u043e\u0434\/feroteac-navy\/","title":{"rendered":"FEROTEAC NAVY"},"content":{"rendered":"","protected":false},"excerpt":{"rendered":"<p><span style=\"font-weight: 400;\">Specijalna antikoroziona za\u0161tita \u010delika specijalno namenjena za\u0161titi plovila od korozije. Dvokomponentni materijal na bazi posebno izabranog cementa, te\u010dnih polimera, aditiva I finog agregata.<\/span><\/p>","protected":false},"featured_media":7133,"template":"","meta":[],"product_cat":[105],"product_tag":[],"_links":{"self":[{"href":"https:\/\/ultimo.rs\/sr\/wp-json\/wp\/v2\/product\/6280"}],"collection":[{"href":"https:\/\/ultimo.rs\/sr\/wp-json\/wp\/v2\/product"}],"about":[{"href":"https:\/\/ultimo.rs\/sr\/wp-json\/wp\/v2\/types\/product"}],"wp:featuredmedia":[{"embeddable":true,"href":"https:\/\/ultimo.rs\/sr\/wp-json\/wp\/v2\/media\/7133"}],"wp:attachment":[{"href":"https:\/\/ultimo.rs\/sr\/wp-json\/wp\/v2\/media?parent=6280"}],"wp:term":[{"taxonomy":"product_cat","embeddable":true,"href":"https:\/\/ultimo.rs\/sr\/wp-json\/wp\/v2\/product_cat?post=6280"},{"taxonomy":"product_tag","embeddable":true,"href":"https:\/\/ultimo.rs\/sr\/wp-json\/wp\/v2\/product_tag?post=6280"}],"curies":[{"name":"wp","href":"https:\/\/api.w.org\/{rel}","templated":true}]}}