{"id":6278,"date":"2021-08-14T17:35:20","date_gmt":"2021-08-14T17:35:20","guid":{"rendered":"https:\/\/ultimo.rs\/?post_type=product&#038;p=6278"},"modified":"2021-08-24T08:40:12","modified_gmt":"2021-08-24T08:40:12","slug":"feroteac-protect","status":"publish","type":"product","link":"https:\/\/ultimo.rs\/sr\/\u043f\u0440\u043e\u0438\u0437\u0432\u043e\u0434\/feroteac-protect\/","title":{"rendered":"FEROTEAC Protect"},"content":{"rendered":"<p><span style=\"font-weight: 400;\">Koristi se za antikorozionu za\u0161titu armature, \u010deli\u010dnih konstrukcija kao i betonskih povr\u0161ina. Kao za\u0161tita od korozije se koristi za premazivanje metalnih povr\u0161ina plovila, za premazivanje \u010deli\u010dne armature\u00a0 i ostalih \u010deli\u010dnih konstrukcija. Nanosi se kao bazni sloj antikorozivne za\u0161tite. Nije neophodno povr\u0161inu o\u010distiti od ostataka korozije ve\u0107 samo delove metala koji se ljuskaju i lako ih je otkloniti.<\/span><\/p>\n<p><span style=\"font-weight: 400;\">Tako\u0111e se koristi za za\u0161titu betonskih povr\u0161ina kao za\u0161tita od mr\u017enjenja kao i razaraju\u0107eg uticaja sol (EN 1504). Nanosi se u dva ili tri sloja u zavisnosti od vrste podloge i same namene.<\/span><\/p>","protected":false},"excerpt":{"rendered":"<p><span style=\"font-weight: 400;\">FERROTEAC Protect je dvokomponentni materijal za za\u0161titu \u010deli\u010dnih konstrukcija, izra\u0111en od specijalno formulisane me\u0161avine cementa, mikrosilike, te\u010dnog polimera I aditiva.<\/span><\/p>","protected":false},"featured_media":322,"template":"","meta":[],"product_cat":[105],"product_tag":[],"_links":{"self":[{"href":"https:\/\/ultimo.rs\/sr\/wp-json\/wp\/v2\/product\/6278"}],"collection":[{"href":"https:\/\/ultimo.rs\/sr\/wp-json\/wp\/v2\/product"}],"about":[{"href":"https:\/\/ultimo.rs\/sr\/wp-json\/wp\/v2\/types\/product"}],"wp:featuredmedia":[{"embeddable":true,"href":"https:\/\/ultimo.rs\/sr\/wp-json\/wp\/v2\/media\/322"}],"wp:attachment":[{"href":"https:\/\/ultimo.rs\/sr\/wp-json\/wp\/v2\/media?parent=6278"}],"wp:term":[{"taxonomy":"product_cat","embeddable":true,"href":"https:\/\/ultimo.rs\/sr\/wp-json\/wp\/v2\/product_cat?post=6278"},{"taxonomy":"product_tag","embeddable":true,"href":"https:\/\/ultimo.rs\/sr\/wp-json\/wp\/v2\/product_tag?post=6278"}],"curies":[{"name":"wp","href":"https:\/\/api.w.org\/{rel}","templated":true}]}}