{"id":6277,"date":"2021-08-14T17:34:51","date_gmt":"2021-08-14T17:34:51","guid":{"rendered":"https:\/\/ultimo.rs\/?post_type=product&#038;p=6277"},"modified":"2021-08-24T08:39:47","modified_gmt":"2021-08-24T08:39:47","slug":"poliber-r-fiber","status":"publish","type":"product","link":"https:\/\/ultimo.rs\/sr\/\u043f\u0440\u043e\u0438\u0437\u0432\u043e\u0434\/poliber-r-fiber\/","title":{"rendered":"POLIBET R FIBER"},"content":{"rendered":"<p><span style=\"font-weight: 400;\">Specijalni samoniveliraju\u0107i sitnozrni beton, visokih performansi, za reparaciju, rekonstrukciju armiranih betonskih struktura nasipanjem. Materijal je oja\u010dan vlaknima radi spre\u010davanja pojave sitnih pukotina usled skupljanja betona u procesu hidratacije.<\/span><\/p>\n<p><span style=\"font-weight: 400;\">Poseduje visoke mehani\u010dke karakteristike (tvrdo\u0107e na pritisak \u2265 75MPa i otpornosti na savijanje \u2265 10 MPa) i odli\u010dno prijanjanje na podlogu. Posebno je dizajniran za oja\u010danje armiranih betonskih struktura, kao i za fugovanje \u010deli\u010dnih stubova i \u0161ina.<\/span><\/p>","protected":false},"excerpt":{"rendered":"<p><span style=\"font-weight: 400;\">POLIBET R FIBER je dvokomponentni materijal za rehabilitaciju I rekonstrukciju, na bazi specijalno formulisanih me\u0161avina cementa oja\u010danih vlaknima, izabranih agregata, te\u010dnog polimera I specijalnih aditiva.<\/span><\/p>","protected":false},"featured_media":322,"template":"","meta":[],"product_cat":[105],"product_tag":[],"_links":{"self":[{"href":"https:\/\/ultimo.rs\/sr\/wp-json\/wp\/v2\/product\/6277"}],"collection":[{"href":"https:\/\/ultimo.rs\/sr\/wp-json\/wp\/v2\/product"}],"about":[{"href":"https:\/\/ultimo.rs\/sr\/wp-json\/wp\/v2\/types\/product"}],"wp:featuredmedia":[{"embeddable":true,"href":"https:\/\/ultimo.rs\/sr\/wp-json\/wp\/v2\/media\/322"}],"wp:attachment":[{"href":"https:\/\/ultimo.rs\/sr\/wp-json\/wp\/v2\/media?parent=6277"}],"wp:term":[{"taxonomy":"product_cat","embeddable":true,"href":"https:\/\/ultimo.rs\/sr\/wp-json\/wp\/v2\/product_cat?post=6277"},{"taxonomy":"product_tag","embeddable":true,"href":"https:\/\/ultimo.rs\/sr\/wp-json\/wp\/v2\/product_tag?post=6277"}],"curies":[{"name":"wp","href":"https:\/\/api.w.org\/{rel}","templated":true}]}}