{"id":6276,"date":"2021-08-14T17:34:18","date_gmt":"2021-08-14T17:34:18","guid":{"rendered":"https:\/\/ultimo.rs\/?post_type=product&#038;p=6276"},"modified":"2021-08-24T08:39:12","modified_gmt":"2021-08-24T08:39:12","slug":"polibet-r-sf","status":"publish","type":"product","link":"https:\/\/ultimo.rs\/sr\/\u043f\u0440\u043e\u0438\u0437\u0432\u043e\u0434\/polibet-r-sf\/","title":{"rendered":"POLIBET R SF"},"content":{"rendered":"<p><span style=\"font-weight: 400;\">Specijalni materijal visokih performansi, samoniveliraju\u0107i sitnozrni beton za reparaciju, rekonstrukciju i oja\u010danje betonskih struktura sa dodatkom mikrosilikona. Poseduje visoke mehani\u010dke karakteristike (tvrdo\u0107e na pritisak \u2265 70MPa i otpornosti na savijanje \u2265 9 MPa) i odli\u010dno prijanjanja na podlogu.<\/span><\/p>\n<p><span style=\"font-weight: 400;\">Posebno je namenjen za oja\u010danje armiranih betonskih struktura kao i za fugovanje (upunjavanje) kod spojeva \u010deli\u010dnih elemenata i \u0161ina.<\/span><\/p>","protected":false},"excerpt":{"rendered":"<p><span style=\"font-weight: 400;\">POLIBET R SF je dvokomponentni materijal za rehabilitaciju I rekonstrukciju betonskih\u00a0 povr\u0161ina, na bazi specijalno formulisanih me\u0161avina cementa, izabranih agregata, te\u010dnog polimera I specijalnih aditiva.<\/span><\/p>","protected":false},"featured_media":322,"template":"","meta":[],"product_cat":[105],"product_tag":[],"_links":{"self":[{"href":"https:\/\/ultimo.rs\/sr\/wp-json\/wp\/v2\/product\/6276"}],"collection":[{"href":"https:\/\/ultimo.rs\/sr\/wp-json\/wp\/v2\/product"}],"about":[{"href":"https:\/\/ultimo.rs\/sr\/wp-json\/wp\/v2\/types\/product"}],"wp:featuredmedia":[{"embeddable":true,"href":"https:\/\/ultimo.rs\/sr\/wp-json\/wp\/v2\/media\/322"}],"wp:attachment":[{"href":"https:\/\/ultimo.rs\/sr\/wp-json\/wp\/v2\/media?parent=6276"}],"wp:term":[{"taxonomy":"product_cat","embeddable":true,"href":"https:\/\/ultimo.rs\/sr\/wp-json\/wp\/v2\/product_cat?post=6276"},{"taxonomy":"product_tag","embeddable":true,"href":"https:\/\/ultimo.rs\/sr\/wp-json\/wp\/v2\/product_tag?post=6276"}],"curies":[{"name":"wp","href":"https:\/\/api.w.org\/{rel}","templated":true}]}}