{"id":6275,"date":"2021-08-14T17:33:50","date_gmt":"2021-08-14T17:33:50","guid":{"rendered":"https:\/\/ultimo.rs\/?post_type=product&#038;p=6275"},"modified":"2021-08-24T08:38:45","modified_gmt":"2021-08-24T08:38:45","slug":"polibet-r-02-h","status":"publish","type":"product","link":"https:\/\/ultimo.rs\/sr\/\u043f\u0440\u043e\u0438\u0437\u0432\u043e\u0434\/polibet-r-02-h\/","title":{"rendered":"POLIBET R 02 H"},"content":{"rendered":"<p><span style=\"font-weight: 400;\">Specijalni materijal visokih performansi, samoniveliraju\u0107i sitnozrni beton za reparaciju, rekonstrukciju i oja\u010danje betonskih struktura. Namenjen je za primenu na horizontalnim povr\u0161inama.<\/span><\/p>\n<p><span style=\"font-weight: 400;\">Poseduje visoke mehani\u010dke karakteristike (tvrdo\u0107e na pritisak \u2265 65MPa i otpornosti na savijanje \u2265 8 MPa) i odli\u010dno prijanjanja na podlogu. Posebno je namenjen za oja\u010danje armiranih betonskih struktura kao i za fugovanje (upunjavanje)\u00a0 spojeva \u010deli\u010dnih elemenata i \u0161ina.<\/span><\/p>","protected":false},"excerpt":{"rendered":"<p><span style=\"font-weight: 400;\">POLIBET R 02 H je dvokomponentni materijal za rehabilitaciju I rekonstrukciju horizontalnih\u00a0 povr\u0161ina, na bazi specijalno formulisanih me\u0161avina cementa, izabranih agregata, te\u010dnog polimera I specijalnih aditiva.<\/span><\/p>","protected":false},"featured_media":322,"template":"","meta":[],"product_cat":[105],"product_tag":[],"_links":{"self":[{"href":"https:\/\/ultimo.rs\/sr\/wp-json\/wp\/v2\/product\/6275"}],"collection":[{"href":"https:\/\/ultimo.rs\/sr\/wp-json\/wp\/v2\/product"}],"about":[{"href":"https:\/\/ultimo.rs\/sr\/wp-json\/wp\/v2\/types\/product"}],"wp:featuredmedia":[{"embeddable":true,"href":"https:\/\/ultimo.rs\/sr\/wp-json\/wp\/v2\/media\/322"}],"wp:attachment":[{"href":"https:\/\/ultimo.rs\/sr\/wp-json\/wp\/v2\/media?parent=6275"}],"wp:term":[{"taxonomy":"product_cat","embeddable":true,"href":"https:\/\/ultimo.rs\/sr\/wp-json\/wp\/v2\/product_cat?post=6275"},{"taxonomy":"product_tag","embeddable":true,"href":"https:\/\/ultimo.rs\/sr\/wp-json\/wp\/v2\/product_tag?post=6275"}],"curies":[{"name":"wp","href":"https:\/\/api.w.org\/{rel}","templated":true}]}}