{"id":6274,"date":"2021-08-14T17:33:15","date_gmt":"2021-08-14T17:33:15","guid":{"rendered":"https:\/\/ultimo.rs\/?post_type=product&#038;p=6274"},"modified":"2021-08-24T08:38:17","modified_gmt":"2021-08-24T08:38:17","slug":"polibet-r-02-v","status":"publish","type":"product","link":"https:\/\/ultimo.rs\/sr\/\u043f\u0440\u043e\u0438\u0437\u0432\u043e\u0434\/polibet-r-02-v\/","title":{"rendered":"POLIBET R 02 V"},"content":{"rendered":"<p><span style=\"font-weight: 400;\">Specijalni visoko kvaliteni malter za oblaganje verticalnih i plafonskih betonskih povr\u0161ina. Poseduje visoke mehani\u010dke karakteristike (tvrdo\u0107e na pritisak \u2265 65MPa i otpornosti na savijanje \u2265 8 MPa) i odli\u010dno prijanjanja na podlogu.\u00a0<\/span><\/p>\n<p><span style=\"font-weight: 400;\">Visoko kvalitetni malter \u0161titi betonske povr\u0161ine i ostale strukturne elemente od uticaja okoline. Nanosi se obi\u010dnom zidarskom gletaricom.<\/span><\/p>","protected":false},"excerpt":{"rendered":"<p><span style=\"font-weight: 400;\">POLIBET R 02 V je dvokomponentni materijal za rehabilitaciju I rekonstrukciju verikalnih povr\u0161ina, na bazi specijalno formulisanih me\u0161avina cementa, izabranih agregata, te\u010dnog polimera I specijalnih aditiva.<\/span><\/p>","protected":false},"featured_media":322,"template":"","meta":[],"product_cat":[105],"product_tag":[],"_links":{"self":[{"href":"https:\/\/ultimo.rs\/sr\/wp-json\/wp\/v2\/product\/6274"}],"collection":[{"href":"https:\/\/ultimo.rs\/sr\/wp-json\/wp\/v2\/product"}],"about":[{"href":"https:\/\/ultimo.rs\/sr\/wp-json\/wp\/v2\/types\/product"}],"wp:featuredmedia":[{"embeddable":true,"href":"https:\/\/ultimo.rs\/sr\/wp-json\/wp\/v2\/media\/322"}],"wp:attachment":[{"href":"https:\/\/ultimo.rs\/sr\/wp-json\/wp\/v2\/media?parent=6274"}],"wp:term":[{"taxonomy":"product_cat","embeddable":true,"href":"https:\/\/ultimo.rs\/sr\/wp-json\/wp\/v2\/product_cat?post=6274"},{"taxonomy":"product_tag","embeddable":true,"href":"https:\/\/ultimo.rs\/sr\/wp-json\/wp\/v2\/product_tag?post=6274"}],"curies":[{"name":"wp","href":"https:\/\/api.w.org\/{rel}","templated":true}]}}