{"id":6273,"date":"2021-08-14T17:32:42","date_gmt":"2021-08-14T17:32:42","guid":{"rendered":"https:\/\/ultimo.rs\/?post_type=product&#038;p=6273"},"modified":"2021-09-01T08:32:11","modified_gmt":"2021-09-01T08:32:11","slug":"hidroelastik-ik","status":"publish","type":"product","link":"https:\/\/ultimo.rs\/sr\/\u043f\u0440\u043e\u0438\u0437\u0432\u043e\u0434\/hidroelastik-ik\/","title":{"rendered":"Hidroelastik IK"},"content":{"rendered":"<p><span style=\"font-weight: 400;\">Nanosi se kao te\u010dna, elasti\u010dna vodonepropusna membrana za unutra\u0161nju upotrebu. Pogodan za hidroizolaciju kupatila, tu\u0161 kabina, kuhinja, podrumskih prostorija, hodnika, stepenica&#8230;<\/span><\/p>\n<p><span style=\"font-weight: 400;\">Nakon nano\u0161enja i su\u0161enja, formirana membrana mora biti za\u0161ti\u0107ena nekim \u010dvrstim slojem (kerami\u010dke plo\u010dice, kamene plo\u010de, itd.)<\/span><\/p>","protected":false},"excerpt":{"rendered":"<p><span style=\"font-weight: 400;\">Jednokomponentni, te\u010dni hidroizolacioni materijal, napravljen od specijalno selektiranih polimera I punioca, koji formiraju vodonepropusnu fleksibilnu membranu ispod \u010dvrste obloge. Proizvod je predvi\u0111en za unutra\u0161nju upotrebu.<\/span><\/p>","protected":false},"featured_media":7132,"template":"","meta":[],"product_cat":[104],"product_tag":[],"_links":{"self":[{"href":"https:\/\/ultimo.rs\/sr\/wp-json\/wp\/v2\/product\/6273"}],"collection":[{"href":"https:\/\/ultimo.rs\/sr\/wp-json\/wp\/v2\/product"}],"about":[{"href":"https:\/\/ultimo.rs\/sr\/wp-json\/wp\/v2\/types\/product"}],"wp:featuredmedia":[{"embeddable":true,"href":"https:\/\/ultimo.rs\/sr\/wp-json\/wp\/v2\/media\/7132"}],"wp:attachment":[{"href":"https:\/\/ultimo.rs\/sr\/wp-json\/wp\/v2\/media?parent=6273"}],"wp:term":[{"taxonomy":"product_cat","embeddable":true,"href":"https:\/\/ultimo.rs\/sr\/wp-json\/wp\/v2\/product_cat?post=6273"},{"taxonomy":"product_tag","embeddable":true,"href":"https:\/\/ultimo.rs\/sr\/wp-json\/wp\/v2\/product_tag?post=6273"}],"curies":[{"name":"wp","href":"https:\/\/api.w.org\/{rel}","templated":true}]}}