{"id":6272,"date":"2000-07-30T17:32:05","date_gmt":"2000-07-30T17:32:05","guid":{"rendered":"https:\/\/ultimo.rs\/?post_type=product&#038;p=6272"},"modified":"2021-08-24T08:53:25","modified_gmt":"2021-08-24T08:53:25","slug":"hidrocem-f1k","status":"publish","type":"product","link":"https:\/\/ultimo.rs\/sr\/\u043f\u0440\u043e\u0438\u0437\u0432\u043e\u0434\/hidrocem-f1k\/","title":{"rendered":"Hidrocem F1K"},"content":{"rendered":"<p><span style=\"font-weight: 400;\">Hidroizolacioni materijal, namenjen za\u0161titi podloge od prodora vode ispod kerami\u010dkih plo\u010dica, na primer: na podu kupatila, zidanih tu\u0161 kabina, terasa, balkona, bazena. Tako\u0111e se koristi i za unutra\u0161nju hidroizolaciju temeljnih struktura izme\u0111u plo\u010da betona (temeljnih plo\u010da, podrumskih prostorija, podzemnih zidova (betonskih zidova koji dolaze u kontakt sa zemljom)<\/span><\/p>","protected":false},"excerpt":{"rendered":"<p><span style=\"font-weight: 400;\">Jednokomponentni fleksibilni vodootporni malter, oja\u010dan vlaknima.<br \/>\n<\/span><\/p>\n<p><span style=\"font-weight: 400;\">\u00a0<\/span><\/p>","protected":false},"featured_media":322,"template":"","meta":[],"product_cat":[104],"product_tag":[],"_links":{"self":[{"href":"https:\/\/ultimo.rs\/sr\/wp-json\/wp\/v2\/product\/6272"}],"collection":[{"href":"https:\/\/ultimo.rs\/sr\/wp-json\/wp\/v2\/product"}],"about":[{"href":"https:\/\/ultimo.rs\/sr\/wp-json\/wp\/v2\/types\/product"}],"wp:featuredmedia":[{"embeddable":true,"href":"https:\/\/ultimo.rs\/sr\/wp-json\/wp\/v2\/media\/322"}],"wp:attachment":[{"href":"https:\/\/ultimo.rs\/sr\/wp-json\/wp\/v2\/media?parent=6272"}],"wp:term":[{"taxonomy":"product_cat","embeddable":true,"href":"https:\/\/ultimo.rs\/sr\/wp-json\/wp\/v2\/product_cat?post=6272"},{"taxonomy":"product_tag","embeddable":true,"href":"https:\/\/ultimo.rs\/sr\/wp-json\/wp\/v2\/product_tag?post=6272"}],"curies":[{"name":"wp","href":"https:\/\/api.w.org\/{rel}","templated":true}]}}