{"id":6270,"date":"2000-07-28T17:30:48","date_gmt":"2000-07-28T17:30:48","guid":{"rendered":"https:\/\/ultimo.rs\/?post_type=product&#038;p=6270"},"modified":"2021-09-01T08:30:47","modified_gmt":"2021-09-01T08:30:47","slug":"hidrocem-exclusive","status":"publish","type":"product","link":"https:\/\/ultimo.rs\/sr\/\u043f\u0440\u043e\u0438\u0437\u0432\u043e\u0434\/hidrocem-exclusive\/","title":{"rendered":"Hidrocem Exclusive"},"content":{"rendered":"<p><span style=\"font-weight: 400;\">HIDROCEM EKSKLUZIV je dvokomponentni hidroizolacioni materijal na bazi te\u010dnih polimera, posebno formulisane cementne me\u0161avine od belog cementa i specijalnih aditiva. Koristi se u sistemu hidroizolacije kao i antikoroziona za\u0161tita armature I \u010delika. Kao \u201cHIDROCEM sistem hidroizolacije\u201d koristi se za unutra\u0161nje i spolja\u0161nje hidroizolacione radove na betonskim povr\u0161inama, cementnim malterima i ko\u0161uljicama, zidovima od opeke i blokova. Namenjen je za za\u0161titu od prodora vode kod temeljnih i podrumskih betonskih elemenata u novim konstrukcijama kao i za radove na sanaciji i adaptaciji starih povr\u0161ina od betona, kamena, opeke, maltera. Upotrebljava se i za za\u0161titu betonskih elemenata od dejstva mraza i soli.<\/span><\/p>\n<p>&nbsp;<\/p>\n<p><span style=\"font-weight: 400;\">Koristi se kao deo HIDROCEM sistema za hidroizolaciju za za\u0161titu betonskih povr\u0161ina kao i antikorozionoj za\u0161titi \u010deli\u010dnih konstrukcija. Namenjen je spolja\u0161njoj i unutra\u0161njoj hidroizolaciji betonskih i drugih povr\u0161ina, kao \u0161to su: cementni malteri, opeka i blokovi od betona. Koristi se i kao za\u0161tita od prodora vode kroz betonske temeljne zidove, podrumske podove i zidove. Kod nove gradnje se koristi kao preventivna za\u0161tita a kod reparacija i rekonstrukcija kao novi vodonepropusni sloj kod betona, cementnih malera, zidova i podova od opeke i betonskih blokova. U potpunosti \u0161titi od o\u0161te\u0107enja uzrokovanih smrzavanjem vode ili dejstva soli (EN 1504). Nanosi se u dva ili tri sloja u zavisnosti od podloge ili o\u0161te\u0107enja.<\/span><\/p>\n<p><span style=\"font-weight: 400;\">Proizvod HIDROCEM Exclusive je proizveden na bazi BELOG cementa marke 52,5R i bele je boje.<\/span><\/p>\n<p><span style=\"font-weight: 400;\">\u00a0<\/span><\/p>","protected":false},"excerpt":{"rendered":"<p><span style=\"font-weight: 400;\">Koristi se kao deo HIDROCEM sistema za hidroizolaciju za za\u0161titu betonskih povr\u0161ina kao i antikorozionoj za\u0161titi \u010deli\u010dnih konstrukcija. Namenjen je spolja\u0161njoj i unutra\u0161njoj hidroizolaciji betonskih i drugih povr\u0161ina, kao \u0161to su: cementni malteri, opeka i blokovi od betona. <\/span><\/p>","protected":false},"featured_media":7130,"template":"","meta":[],"product_cat":[104],"product_tag":[],"_links":{"self":[{"href":"https:\/\/ultimo.rs\/sr\/wp-json\/wp\/v2\/product\/6270"}],"collection":[{"href":"https:\/\/ultimo.rs\/sr\/wp-json\/wp\/v2\/product"}],"about":[{"href":"https:\/\/ultimo.rs\/sr\/wp-json\/wp\/v2\/types\/product"}],"wp:featuredmedia":[{"embeddable":true,"href":"https:\/\/ultimo.rs\/sr\/wp-json\/wp\/v2\/media\/7130"}],"wp:attachment":[{"href":"https:\/\/ultimo.rs\/sr\/wp-json\/wp\/v2\/media?parent=6270"}],"wp:term":[{"taxonomy":"product_cat","embeddable":true,"href":"https:\/\/ultimo.rs\/sr\/wp-json\/wp\/v2\/product_cat?post=6270"},{"taxonomy":"product_tag","embeddable":true,"href":"https:\/\/ultimo.rs\/sr\/wp-json\/wp\/v2\/product_tag?post=6270"}],"curies":[{"name":"wp","href":"https:\/\/api.w.org\/{rel}","templated":true}]}}