{"id":5440,"date":"2021-07-24T17:18:08","date_gmt":"2021-07-24T17:18:08","guid":{"rendered":"https:\/\/ultimo.rs\/?post_type=product&#038;p=5440"},"modified":"2021-08-20T11:08:24","modified_gmt":"2021-08-20T11:08:24","slug":"ultimo-copertino-15-full","status":"publish","type":"product","link":"https:\/\/ultimo.rs\/sr\/\u043f\u0440\u043e\u0438\u0437\u0432\u043e\u0434\/ultimo-copertino-15-full\/","title":{"rendered":"ULTIMO copertino 1,5 FULL"},"content":{"rendered":"<p><strong>DEKORATIVNI AKRILNI MALTER<\/strong><br \/>\nRok trajanja: Do 18 meseci, u originalno zapakovanoj ambala\u017ei. Skladi\u0161titi na temperaturi od +5 do +25 stepeni, za\u0161ti\u0107eno od sun\u010deve svetlosti i smrzavanja.<br \/>\nPotro\u0161nja: 2,5 &#8211; 4,2 kg\/m\u00b2<\/p>","protected":false},"excerpt":{"rendered":"<p>Visokokvalitetni akrilni dekorativni malter u pastoznom stanju, velike \u010dvrsto\u0107e, vodoodbojnosti, izuzetne obradivosti i otpornosti na UV zra\u010denje i atmosferske uticaje. Mo\u017ee se tonirati u preko 1000 nijansi<\/p>","protected":false},"featured_media":5441,"template":"","meta":[],"product_cat":[106],"product_tag":[],"_links":{"self":[{"href":"https:\/\/ultimo.rs\/sr\/wp-json\/wp\/v2\/product\/5440"}],"collection":[{"href":"https:\/\/ultimo.rs\/sr\/wp-json\/wp\/v2\/product"}],"about":[{"href":"https:\/\/ultimo.rs\/sr\/wp-json\/wp\/v2\/types\/product"}],"wp:featuredmedia":[{"embeddable":true,"href":"https:\/\/ultimo.rs\/sr\/wp-json\/wp\/v2\/media\/5441"}],"wp:attachment":[{"href":"https:\/\/ultimo.rs\/sr\/wp-json\/wp\/v2\/media?parent=5440"}],"wp:term":[{"taxonomy":"product_cat","embeddable":true,"href":"https:\/\/ultimo.rs\/sr\/wp-json\/wp\/v2\/product_cat?post=5440"},{"taxonomy":"product_tag","embeddable":true,"href":"https:\/\/ultimo.rs\/sr\/wp-json\/wp\/v2\/product_tag?post=5440"}],"curies":[{"name":"wp","href":"https:\/\/api.w.org\/{rel}","templated":true}]}}