{"id":5434,"date":"2021-07-24T17:13:41","date_gmt":"2021-07-24T17:13:41","guid":{"rendered":"https:\/\/ultimo.rs\/?post_type=product&#038;p=5434"},"modified":"2021-08-20T11:08:09","modified_gmt":"2021-08-20T11:08:09","slug":"tk-mosaic","status":"publish","type":"product","link":"https:\/\/ultimo.rs\/sr\/\u043f\u0440\u043e\u0438\u0437\u0432\u043e\u0434\/tk-mosaic\/","title":{"rendered":"TK Mosaic"},"content":{"rendered":"<p>PRIPREMA PODLOGE: Podloga mora biti ravna, blago hrapava, \u010dvrsta, \u010dista, suva, otpra\u0161ena, bez masnih mrlja i drugih ne\u010disto\u0107a. Sa starih povr\u0161ina o\u0161trom \u010detkom odstraniti sve stare premaze i druge dekorativne nanose, a po potrebi zidove oprati. Pre nano\u0161enja TK MOSAIC-a povr\u0161inu premazati podlogom u jednom ili dva premaza u zavisnosti od upojnosti zida.<br \/>\nNA\u010cIN UPOTREBE: TK MOSAIC pre upotrebe dobro prome\u0161ati ru\u010dnim elektri\u010dnim mikserom male brzine. Nanosi se ru\u010dno metalnom glethoblom u debljini ne\u0161to ve\u0107oj od veli\u010dine zrna u fasadnom malteru. Nekoliko minuta nakon nano\u0161enja (ca.10 min.) TK MOSAIC se ponovo zavr\u0161no zagladi, da mu se da finalni izgled. Radove izvoditi bez prekida, od jedne do druge krajnje ivice zida. U slu\u010daju vi\u0161e eta\u017ea raditi istovremeno na svim eta\u017eama .<\/p>\n<p>RADNI USLOVI: Optimalna radna temperatura: od +10\u00baC do +25\u00baC.<br \/>\nPOTRO\u0160NJA: 4 \u2013 4.5 kg\/m\u00b2<br \/>\nSVOJSTVA: Dobra prionjivost na podlogu, velika mehani\u010dka \u010dvrsto\u0107a, vodootporan, postojan na atmosferilije, ne sadr\u017ei sastojke \u0161tetne po ljudsko zdravlje.<br \/>\nROK UPOTREBE I SKLADI\u0160TENJE: Originalno zatvoren i na preporu\u010den na\u010din skladi\u0161ten (suva prostorija, temperatura od +5 do +35\u00baC) proizvod je upotrebljiv 12 meseci.<\/p>\n<p>&nbsp;<\/p>","protected":false},"excerpt":{"rendered":"<p><strong>KULIR &#8211; DEKORATIVNI MALTER<\/strong><\/p>\n<p>Dekorativna za\u0161tita spoljnih i unutra\u0161njih zidova.<\/p>","protected":false},"featured_media":5435,"template":"","meta":[],"product_cat":[106],"product_tag":[],"_links":{"self":[{"href":"https:\/\/ultimo.rs\/sr\/wp-json\/wp\/v2\/product\/5434"}],"collection":[{"href":"https:\/\/ultimo.rs\/sr\/wp-json\/wp\/v2\/product"}],"about":[{"href":"https:\/\/ultimo.rs\/sr\/wp-json\/wp\/v2\/types\/product"}],"wp:featuredmedia":[{"embeddable":true,"href":"https:\/\/ultimo.rs\/sr\/wp-json\/wp\/v2\/media\/5435"}],"wp:attachment":[{"href":"https:\/\/ultimo.rs\/sr\/wp-json\/wp\/v2\/media?parent=5434"}],"wp:term":[{"taxonomy":"product_cat","embeddable":true,"href":"https:\/\/ultimo.rs\/sr\/wp-json\/wp\/v2\/product_cat?post=5434"},{"taxonomy":"product_tag","embeddable":true,"href":"https:\/\/ultimo.rs\/sr\/wp-json\/wp\/v2\/product_tag?post=5434"}],"curies":[{"name":"wp","href":"https:\/\/api.w.org\/{rel}","templated":true}]}}