{"id":5432,"date":"2021-07-24T17:10:04","date_gmt":"2021-07-24T17:10:04","guid":{"rendered":"https:\/\/ultimo.rs\/?post_type=product&#038;p=5432"},"modified":"2021-08-20T11:07:46","modified_gmt":"2021-08-20T11:07:46","slug":"uni-prajmer","status":"publish","type":"product","link":"https:\/\/ultimo.rs\/sr\/\u043f\u0440\u043e\u0438\u0437\u0432\u043e\u0434\/uni-prajmer\/","title":{"rendered":"Uni Prajmer"},"content":{"rendered":"<p><strong>UNIVERZALNA AKRILNA PODLOGA<\/strong><br \/>\nRok trajanja: Do 12 meseci, u originalno zapakovanoj ambala\u017ei. Skladi\u0161titi na temperaturi od +5 do +25 stepeni, za\u0161ti\u0107eno od sun\u010deve svetlosti i smrzavanja.<br \/>\nPotro\u0161nja: 1 litar za 30 do 50m\u00b2<\/p>\n<p>&nbsp;<\/p>","protected":false},"excerpt":{"rendered":"<p>Koncentrovana emulzija namenjena za pobolj\u0161avanje prijanjanja, ujedna\u010davanje i u\u010dvr\u0161\u0107avanje mineralnih i drugih podloga, pre nano\u0161enja unutra\u0161njih boja, kao i za premazivanje jako upijaju\u0107ih podloga.<\/p>","protected":false},"featured_media":5433,"template":"","meta":[],"product_cat":[106],"product_tag":[],"_links":{"self":[{"href":"https:\/\/ultimo.rs\/sr\/wp-json\/wp\/v2\/product\/5432"}],"collection":[{"href":"https:\/\/ultimo.rs\/sr\/wp-json\/wp\/v2\/product"}],"about":[{"href":"https:\/\/ultimo.rs\/sr\/wp-json\/wp\/v2\/types\/product"}],"wp:featuredmedia":[{"embeddable":true,"href":"https:\/\/ultimo.rs\/sr\/wp-json\/wp\/v2\/media\/5433"}],"wp:attachment":[{"href":"https:\/\/ultimo.rs\/sr\/wp-json\/wp\/v2\/media?parent=5432"}],"wp:term":[{"taxonomy":"product_cat","embeddable":true,"href":"https:\/\/ultimo.rs\/sr\/wp-json\/wp\/v2\/product_cat?post=5432"},{"taxonomy":"product_tag","embeddable":true,"href":"https:\/\/ultimo.rs\/sr\/wp-json\/wp\/v2\/product_tag?post=5432"}],"curies":[{"name":"wp","href":"https:\/\/api.w.org\/{rel}","templated":true}]}}