{"id":5427,"date":"2021-07-24T17:04:20","date_gmt":"2021-07-24T17:04:20","guid":{"rendered":"https:\/\/ultimo.rs\/?post_type=product&#038;p=5427"},"modified":"2021-08-20T11:05:59","modified_gmt":"2021-08-20T11:05:59","slug":"polibet-marbre","status":"publish","type":"product","link":"https:\/\/ultimo.rs\/sr\/\u043f\u0440\u043e\u0438\u0437\u0432\u043e\u0434\/polibet-marbre\/","title":{"rendered":"POLIBET MARBLE"},"content":{"rendered":"<p>IZVO\u0110ENJE &#8211; Uslovi sredine pri izvo\u0111enju<br \/>\nTemperatura podloge i sredine: min. + 8\u00b0C max. + 35\u00b0C<br \/>\nPriprema podloge &#8211; Primenjuje se na \u010dvrstim podlogama od betona i\/ili cementnog estriha. Podloga mora da bude \u010dista, otpra\u0161ena, odma\u0161\u0107ena, suva, bez cementne skrame i drugih nekvalitetnih premaza, sa povr\u0161inskom trvdo\u0107om od min 15 MPa.<br \/>\nPriprema materijala &#8211; POLIBET MERMER, dvokomponentni materijal, priprema se u me\u0161alici sa prinudnim me\u0161anjem, vertikalnom osovinom, zatvorenim dnom i malim brojem obrtaja (oko 60 obrtaja u minuti). Komponente su ta\u010dno odmerene u fabrici, i treba u kompletu sipati u me\u0161alicu, tako \u0161to se prvo sipa te\u010dna, a potom pra\u0161kasta komponenta. Me\u0161anje traje 3 (tri) minuta. Pripremljen materijal treba ugraditi u roku od 30 minuta.<br \/>\nNano\u0161enje materijala &#8211; Pripremljeni POLIBET MERMER se transportuje\/prenosi uz pomo\u0107 posuda odgovaraju\u0107e zapremine (plasti\u010dne kante) od me\u0161alice do mesta ugradnje i izliva se na podlogu, prethodno pripremljenu nano\u0161enjem POLIBET Prajmer Posipa.<br \/>\nNeposredno pre ugradnje POLIBET MERMER-a potrebno je premazati lajsne i sve povr\u0161ine zidova sa kojima ce materijal do\u0107i u dodir, oplatnim uljem. Izlivena masa se razastire na projektovanu debljinu (preporu\u010duje se 1,0 \u2013 1,5 cm). Izravnjavanje se vr\u0161i ravnja\u010dom.<br \/>\nNega ugra\u0111enog materijala &#8211; Ugra\u0111eni POLIBET MERMER treba \u0161tititi od naglog isu\u0161ivanja. To se najbolje posti\u017ee pravovremenim (15 \u2013 20 minuta posle ugradnje) pokrivanjem povr\u0161ine pvc \u2013 folijom debljine 0,15 do 0,20 milimetara.<br \/>\nZavr\u0161na obrada ugra\u0111enog materijala<br \/>\nZavr\u0161na obrada povr\u0161ine se vr\u0161i bru\u0161enjem, nakon 2 dana o\u010dvr\u0161cavanja ugra\u0111enog POLIBET MERMER-a i premazivanjem obru\u0161ene povr\u0161ine POLIBETa nakon bru\u0161enja bezbojnim premazom koji garantuje lak\u0161e odr\u017eavanje povr\u0161ine.<br \/>\n\u010cuvanje i rok trajanja &#8211; 12 meseci od datuma proizvodnje u originalnom, neotvorenom i neo\u0161tecenom pakovanju u suvim prostorijama na temperaturi: +5 \u00b0C do +40 \u00b0C.<br \/>\nTe\u010dna komponenta ne sme da smrzne.<br \/>\nObavezna je za\u0161tita pra\u0161kaste komponente od uticaja vlage.<br \/>\nNAPOMENA: Pridr\u017eavati se aktuelnih tehnickih upustava za navedeni materijal. Sve informacije su rezultat na\u0161eg tehni\u010dko-nau\u010dnog znanja. Ipak, ne obavezuju i nije na\u0161a odgovornost ukoliko mi ne kontroli\u0161emo uslove upotrebe. Kako na izvo\u0111enje radova nemamo uticaja ne preuzimamo odgovornost za kvalitet posla. Neznatno odstupanje u granulaciji i boji razlicitih proizvodnih \u0161ar\u017ei je moguce i ne mo\u017ee biti razlog reklamacije.<\/p>","protected":false},"excerpt":{"rendered":"<p>Dvokomponentni pod na bazi cementa, odabranog agregata i polimera. Koristi se za izvo\u0111enje podova, minimalne debljine dmin = 1 cm, i za sanaciju o\u0161te\u0107enja betonskih podova.<\/p>","protected":false},"featured_media":5428,"template":"","meta":[],"product_cat":[106],"product_tag":[],"_links":{"self":[{"href":"https:\/\/ultimo.rs\/sr\/wp-json\/wp\/v2\/product\/5427"}],"collection":[{"href":"https:\/\/ultimo.rs\/sr\/wp-json\/wp\/v2\/product"}],"about":[{"href":"https:\/\/ultimo.rs\/sr\/wp-json\/wp\/v2\/types\/product"}],"wp:featuredmedia":[{"embeddable":true,"href":"https:\/\/ultimo.rs\/sr\/wp-json\/wp\/v2\/media\/5428"}],"wp:attachment":[{"href":"https:\/\/ultimo.rs\/sr\/wp-json\/wp\/v2\/media?parent=5427"}],"wp:term":[{"taxonomy":"product_cat","embeddable":true,"href":"https:\/\/ultimo.rs\/sr\/wp-json\/wp\/v2\/product_cat?post=5427"},{"taxonomy":"product_tag","embeddable":true,"href":"https:\/\/ultimo.rs\/sr\/wp-json\/wp\/v2\/product_tag?post=5427"}],"curies":[{"name":"wp","href":"https:\/\/api.w.org\/{rel}","templated":true}]}}