{"id":5425,"date":"2021-07-24T16:46:05","date_gmt":"2021-07-24T16:46:05","guid":{"rendered":"https:\/\/ultimo.rs\/?post_type=product&#038;p=5425"},"modified":"2021-08-24T08:44:17","modified_gmt":"2021-08-24T08:44:17","slug":"ultimo-apc21","status":"publish","type":"product","link":"https:\/\/ultimo.rs\/sr\/\u043f\u0440\u043e\u0438\u0437\u0432\u043e\u0434\/ultimo-apc21\/","title":{"rendered":"POLIBET FEROBETON APC 21"},"content":{"rendered":"<p><span style=\"font-weight: 400;\">Koristi se za izradu industrijskih podova koji zahtevaju visoku \u010dvrsto\u0107u, elasti\u010dnost i otpornost na habanje. Nanosi se na sve\u017eu betonsku plo\u010du (marka betona C30\/70) u vidu posipa. Utrljava se u sve\u017ei beton pomo\u0107u ma\u0161ina za utrljavanje (\u201ehelikoptera\u201c). Odlikuje se visokom otporno\u0161\u0107u na habanje i odli\u010dno prijanja na sve\u017eu betonsku povr\u0161inu. Na kraju radova, preporu\u010duje se usecanje dilatacionih kanala da bi se izbegla pojava sitnih pukotina na povr\u0161ini betona usled skupljanja pri hidrataciji betonske plo\u010de.<br \/>\n<\/span>Priprema materijala: spreman za upotrebu.<br \/>\nNano\u0161enje: posipanjem \u201esve\u017ee na sve\u017ee\u201c, dok se ne utro\u0161i predvi\u0111ena koli\u010dina po 1 m2 .<br \/>\nPotro\u0161nja: cca. 5-7 kg\/m2 , za debljinu sloja 3,0-5,0 mm.<br \/>\nPrikladne podloge: sve\u017ebeton predvi\u0111en kao industrijski pod.<\/p>","protected":false},"excerpt":{"rendered":"<p><strong>FEROBETON<\/strong><\/p>\n<p>Jednokomponentna pra\u0161kasta me\u0161avina na bazi kvarca, mlevenog cementnog klinkera i pigmenata.<br \/>\nUpotrebljava se u svrhu maksimalnog pobolj\u0161anja betona, koji se koriste za industrijske podove, daje pove\u0107anu povr\u0161insku \u010dvrsto\u0107u na pritisak, pove\u0107anu otpomost na habanje, vodonepropusnost.<\/p>","protected":false},"featured_media":5426,"template":"","meta":[],"product_cat":[107],"product_tag":[],"_links":{"self":[{"href":"https:\/\/ultimo.rs\/sr\/wp-json\/wp\/v2\/product\/5425"}],"collection":[{"href":"https:\/\/ultimo.rs\/sr\/wp-json\/wp\/v2\/product"}],"about":[{"href":"https:\/\/ultimo.rs\/sr\/wp-json\/wp\/v2\/types\/product"}],"wp:featuredmedia":[{"embeddable":true,"href":"https:\/\/ultimo.rs\/sr\/wp-json\/wp\/v2\/media\/5426"}],"wp:attachment":[{"href":"https:\/\/ultimo.rs\/sr\/wp-json\/wp\/v2\/media?parent=5425"}],"wp:term":[{"taxonomy":"product_cat","embeddable":true,"href":"https:\/\/ultimo.rs\/sr\/wp-json\/wp\/v2\/product_cat?post=5425"},{"taxonomy":"product_tag","embeddable":true,"href":"https:\/\/ultimo.rs\/sr\/wp-json\/wp\/v2\/product_tag?post=5425"}],"curies":[{"name":"wp","href":"https:\/\/api.w.org\/{rel}","templated":true}]}}