{"id":5423,"date":"2021-07-24T16:42:44","date_gmt":"2021-07-24T16:42:44","guid":{"rendered":"https:\/\/ultimo.rs\/?post_type=product&#038;p=5423"},"modified":"2021-08-20T11:07:24","modified_gmt":"2021-08-20T11:07:24","slug":"ultimo-strong-160","status":"publish","type":"product","link":"https:\/\/ultimo.rs\/sr\/\u043f\u0440\u043e\u0438\u0437\u0432\u043e\u0434\/ultimo-strong-160\/","title":{"rendered":"Ultimo Strong 160S"},"content":{"rendered":"<p>Primena:<br \/>\nFleksibilni lepak za unutra\u0161nju i za spolja\u0161nju upotrebu. Za polaganje kerami\u010dkih plo\u010dica, mozaika, plo\u010da, prirodnog kamena i sl.<br \/>\nZa lepljenje: lakih gra\u0111evinskih plo\u010da, plo\u010da od staklenih vlakana i tvrdih penastih plo\u010da. Podloga mora da bude suva, nezale\u0111ena, \u010dvrsta, stabilnog oblika, o\u010di\u0161\u0107ena od pra\u0161ine, prljav\u0161tine, ulja, masno\u0107a i ostataka materijala.<br \/>\nPogodan: na betonu, estrihu, gotovom malteru, cementu, klinkeru, lakom betonu i porobetonu, gipsanom malteru, gipsanoj plo\u010di, anhidritnom estrihu. Nije pogodan: na drvetu, metalu, plastici, betonskim pokriva\u010dima pre kona\u010dnog popu\u0161tanja\/napona. Podaci o proizvodu:<\/p>\n<p>Oblik isporuke:<br \/>\npapirni d\u017eak 25 kg 48 d\u017eakova = 1200 kg\/paleta<\/p>\n<p>Skladi\u0161tenje: U suvoj prostoriji na drvenim paletama, u dobro zatvorenom originalnom pakovanju 12 meseci.<\/p>\n<p>Potro\u0161nja: ca 3 kg\/m2 zavisno od plo\u010dice i podloge<\/p>\n<p>&nbsp;<\/p>","protected":false},"excerpt":{"rendered":"<p>Fleksibilni lepak za keramiku visokih performansi, za lepljenje u tankoslojnom postupku. Ne\u0161kodljiv po \u017eivotne namirnice.<br \/>\nOtporan na vodu i smrzavanje.<\/p>","protected":false},"featured_media":5424,"template":"","meta":[],"product_cat":[103],"product_tag":[],"_links":{"self":[{"href":"https:\/\/ultimo.rs\/sr\/wp-json\/wp\/v2\/product\/5423"}],"collection":[{"href":"https:\/\/ultimo.rs\/sr\/wp-json\/wp\/v2\/product"}],"about":[{"href":"https:\/\/ultimo.rs\/sr\/wp-json\/wp\/v2\/types\/product"}],"wp:featuredmedia":[{"embeddable":true,"href":"https:\/\/ultimo.rs\/sr\/wp-json\/wp\/v2\/media\/5424"}],"wp:attachment":[{"href":"https:\/\/ultimo.rs\/sr\/wp-json\/wp\/v2\/media?parent=5423"}],"wp:term":[{"taxonomy":"product_cat","embeddable":true,"href":"https:\/\/ultimo.rs\/sr\/wp-json\/wp\/v2\/product_cat?post=5423"},{"taxonomy":"product_tag","embeddable":true,"href":"https:\/\/ultimo.rs\/sr\/wp-json\/wp\/v2\/product_tag?post=5423"}],"curies":[{"name":"wp","href":"https:\/\/api.w.org\/{rel}","templated":true}]}}