{"id":5414,"date":"2021-07-24T16:14:52","date_gmt":"2021-07-24T16:14:52","guid":{"rendered":"https:\/\/ultimo.rs\/?post_type=product&#038;p=5414"},"modified":"2021-08-20T11:07:10","modified_gmt":"2021-08-20T11:07:10","slug":"ultimo-strong-100","status":"publish","type":"product","link":"https:\/\/ultimo.rs\/sr\/\u043f\u0440\u043e\u0438\u0437\u0432\u043e\u0434\/ultimo-strong-100\/","title":{"rendered":"Ultimo Strong 100S"},"content":{"rendered":"<p>Primena: Lepak za unutra\u0161nju i uslovno za spolja\u0161nju upotrebu. Za polaganje kerami\u010dkih plo\u010dica, mozaika, plo\u010da, prirodnog nemasnog kamena i si.<\/p>\n<p>Za lepljenje: lakih gra\u0111evinskih plo\u010da, plo\u010da od staklenih vlakana i tvrdih penastih plo\u010da. Podloga mora da bude suva, nezale\u0111ena, \u010dvrsta, stabilnog oblika, o\u010di\u0161\u0107ena od pra\u0161ine, prljav\u0161tine, ulja, masno\u0107a i ostataka materijala.<\/p>\n<p>Pogodan: na betonu, estrihu, gotovom malteru, cementu, klinkeru, lakom betonu i porobetonu, gipsanom malteru, gipsanoj plo\u010di, anhidritnom estrihu. Nije pogodan: na drvetu, metalu, plastici, betonskim pokriva\u010dima pre kona\u010dnog popu\u0161tanja\/napona.<\/p>\n<p>Skladi\u0161tenje: U suvoj prostoriji na drvenim paletama, u dobro zatvorenom originalnom pakovanju ca 12 meseci. Potro\u0161nja: ca 3 kg\/m2 zavisno od plo\u010dice i podloge.<\/p>","protected":false},"excerpt":{"rendered":"<p>LEPAK VISOKIH PERFORMANSI ZA LEPLJENJE KERAMI\u010cKIH PLO\u010cICA<\/p>\n<p>Za spoljnu i unutra\u0161nju primenu. Lepak za keramiku hidrauli\u010dkog vezivanja, za lepljenje u tankoslojnom postupku. Ne\u0161kodljiv po \u017eivotne namirnice. Otporan na vodu i smrzavanje.<\/p>","protected":false},"featured_media":5421,"template":"","meta":[],"product_cat":[103],"product_tag":[],"_links":{"self":[{"href":"https:\/\/ultimo.rs\/sr\/wp-json\/wp\/v2\/product\/5414"}],"collection":[{"href":"https:\/\/ultimo.rs\/sr\/wp-json\/wp\/v2\/product"}],"about":[{"href":"https:\/\/ultimo.rs\/sr\/wp-json\/wp\/v2\/types\/product"}],"wp:featuredmedia":[{"embeddable":true,"href":"https:\/\/ultimo.rs\/sr\/wp-json\/wp\/v2\/media\/5421"}],"wp:attachment":[{"href":"https:\/\/ultimo.rs\/sr\/wp-json\/wp\/v2\/media?parent=5414"}],"wp:term":[{"taxonomy":"product_cat","embeddable":true,"href":"https:\/\/ultimo.rs\/sr\/wp-json\/wp\/v2\/product_cat?post=5414"},{"taxonomy":"product_tag","embeddable":true,"href":"https:\/\/ultimo.rs\/sr\/wp-json\/wp\/v2\/product_tag?post=5414"}],"curies":[{"name":"wp","href":"https:\/\/api.w.org\/{rel}","templated":true}]}}