{"id":5409,"date":"2021-07-24T15:59:32","date_gmt":"2021-07-24T15:59:32","guid":{"rendered":"https:\/\/ultimo.rs\/?post_type=product&#038;p=5409"},"modified":"2021-08-20T11:07:03","modified_gmt":"2021-08-20T11:07:03","slug":"ultimo-forte","status":"publish","type":"product","link":"https:\/\/ultimo.rs\/sr\/\u043f\u0440\u043e\u0438\u0437\u0432\u043e\u0434\/ultimo-forte\/","title":{"rendered":"Ultimo Forte"},"content":{"rendered":"<p>Me\u0161anje: Ne dodavati druge proizvode, usuti d\u017eak u ca. 61 vode i dobro prome\u0161ati mikserom; nakon pauze od 5 minuta jo\u0161 jednom prome\u0161ati.<\/p>\n<p>Lepljenje: Postupak nano\u0161enja 6 ta\u010dki i \u201evir\u0161le&#8221; po ivici svake plo\u010de.<\/p>\n<p>Naknadna obrada: Za\u0161titi od prebrzog isu\u0161ivanja; \u010duvati od smrzavanja.<\/p>\n<p>Lepljenje: ca. 4-5 kg\/m2 u zavisnosti od podloge<\/p>\n<p>Skladi\u0161tenje: Na suvom i hladnom mestu, u zatvorenom pakovanju ca. 6 meseci. \u010cuvati od smrzavanja.<\/p>\n<p>Napomena: Temperatura vazduha i podloge ne srne da bude ispod + 5&#8242; C. Obrada mora da bude u skladu sa va\u017ee\u0107im postupcima, normama (ONORM B 2259 i B 3346) i tehni\u010dkim smernicama; vidi Tehni\u010dki list. Slede\u0107i nanosi tek nakon minimum 7 dana.<\/p>","protected":false},"excerpt":{"rendered":"<p>Ultimo Forte je lepak visokih performansi za lepljenje fasadnih termoizolacionih plo\u010da.<\/p>\n<p>&nbsp;<\/p>","protected":false},"featured_media":5422,"template":"","meta":[],"product_cat":[103],"product_tag":[],"_links":{"self":[{"href":"https:\/\/ultimo.rs\/sr\/wp-json\/wp\/v2\/product\/5409"}],"collection":[{"href":"https:\/\/ultimo.rs\/sr\/wp-json\/wp\/v2\/product"}],"about":[{"href":"https:\/\/ultimo.rs\/sr\/wp-json\/wp\/v2\/types\/product"}],"wp:featuredmedia":[{"embeddable":true,"href":"https:\/\/ultimo.rs\/sr\/wp-json\/wp\/v2\/media\/5422"}],"wp:attachment":[{"href":"https:\/\/ultimo.rs\/sr\/wp-json\/wp\/v2\/media?parent=5409"}],"wp:term":[{"taxonomy":"product_cat","embeddable":true,"href":"https:\/\/ultimo.rs\/sr\/wp-json\/wp\/v2\/product_cat?post=5409"},{"taxonomy":"product_tag","embeddable":true,"href":"https:\/\/ultimo.rs\/sr\/wp-json\/wp\/v2\/product_tag?post=5409"}],"curies":[{"name":"wp","href":"https:\/\/api.w.org\/{rel}","templated":true}]}}