{"id":5741,"date":"2021-08-05T16:43:15","date_gmt":"2021-08-05T16:43:15","guid":{"rendered":"https:\/\/ultimo.rs\/?page_id=5741"},"modified":"2021-08-16T15:57:33","modified_gmt":"2021-08-16T15:57:33","slug":"novosti","status":"publish","type":"page","link":"https:\/\/ultimo.rs\/sr\/novosti\/","title":{"rendered":"Novosti"},"content":{"rendered":"<div data-elementor-type=\"wp-page\" data-elementor-id=\"5741\" class=\"elementor elementor-5741\" data-elementor-settings=\"[]\">\n\t\t\t\t\t\t\t<div class=\"elementor-section-wrap\">\n\t\t\t\t\t\t\t<section class=\"elementor-section elementor-top-section elementor-element elementor-element-03fd4f0 elementor-section-boxed elementor-section-height-default elementor-section-height-default qodef-elementor-content-no\" data-id=\"03fd4f0\" data-element_type=\"section\">\n\t\t\t\t\t\t<div class=\"elementor-container elementor-column-gap-default\">\n\t\t\t\t\t<div class=\"elementor-column elementor-col-100 elementor-top-column elementor-element elementor-element-e2953e5\" data-id=\"e2953e5\" data-element_type=\"column\">\n\t\t\t<div class=\"elementor-widget-wrap elementor-element-populated\">\n\t\t\t\t\t\t\t\t<div class=\"elementor-element elementor-element-641b350 elementor-widget elementor-widget-qi_addons_for_elementor_typeout_text\" data-id=\"641b350\" data-element_type=\"widget\" data-widget_type=\"qi_addons_for_elementor_typeout_text.default\">\n\t\t\t\t<div class=\"elementor-widget-container\">\n\t\t\t<div class=\"qodef-shortcode qodef-m  qodef-qi-typeout-text\" data-strings=\"[&quot;Najnovije vesti&quot;]\" data-cursor=\"|\">\n\t<h2 class=\"qodef-m-text\">\n\t\t\t\t<span class=\"qodef-typeout-holder\">\n\t\t\t<span class=\"qodef-typeout\"><\/span>\n\t\t<\/span>\n\t<\/h2>\n<\/div>\n\t\t<\/div>\n\t\t\t\t<\/div>\n\t\t\t\t\t<\/div>\n\t\t<\/div>\n\t\t\t\t\t\t\t<\/div>\n\t\t<\/section>\n\t\t\t\t<section class=\"elementor-section elementor-top-section elementor-element elementor-element-ad65935 elementor-section-full_width elementor-section-height-default elementor-section-height-default qodef-elementor-content-no\" data-id=\"ad65935\" data-element_type=\"section\">\n\t\t\t\t\t\t<div class=\"elementor-container elementor-column-gap-default\">\n\t\t\t\t\t<div class=\"elementor-column elementor-col-100 elementor-top-column elementor-element elementor-element-1f588b5\" data-id=\"1f588b5\" data-element_type=\"column\">\n\t\t\t<div class=\"elementor-widget-wrap elementor-element-populated\">\n\t\t\t\t\t\t\t\t<div class=\"elementor-element elementor-element-eaf85ab elementor-widget elementor-widget-stal_core_separator\" data-id=\"eaf85ab\" data-element_type=\"widget\" data-widget_type=\"stal_core_separator.default\">\n\t\t\t\t<div class=\"elementor-widget-container\">\n\t\t\t<div class=\"qodef-shortcode qodef-m  qodef-separator clear\">\n\t<div class=\"qodef-m-line\" ><\/div>\n<\/div>\t\t<\/div>\n\t\t\t\t<\/div>\n\t\t\t\t\t<\/div>\n\t\t<\/div>\n\t\t\t\t\t\t\t<\/div>\n\t\t<\/section>\n\t\t\t\t<section class=\"elementor-section elementor-top-section elementor-element elementor-element-1743443 elementor-section-full_width elementor-section-height-default elementor-section-height-default qodef-elementor-content-no\" data-id=\"1743443\" data-element_type=\"section\" data-settings=\"{&quot;background_background&quot;:&quot;classic&quot;}\">\n\t\t\t\t\t\t<div class=\"elementor-container elementor-column-gap-default\">\n\t\t\t\t\t<div class=\"elementor-column elementor-col-100 elementor-top-column elementor-element elementor-element-6430482\" data-id=\"6430482\" data-element_type=\"column\" data-settings=\"{&quot;background_background&quot;:&quot;classic&quot;}\">\n\t\t\t<div class=\"elementor-widget-wrap elementor-element-populated\">\n\t\t\t\t\t\t\t\t<div class=\"elementor-element elementor-element-efaafe9 elementor-widget elementor-widget-stal_core_blog_list\" data-id=\"efaafe9\" data-element_type=\"widget\" data-widget_type=\"stal_core_blog_list.default\">\n\t\t\t\t<div class=\"elementor-widget-container\">\n\t\t\t<div class=\"qodef-shortcode qodef-m  qodef-blog qodef-item-layout--compact qodef-grid qodef-layout--masonry  qodef-gutter--normal qodef-col-num--2 qodef-item-layout--compact qodef-filter--on qodef-pagination--on qodef-pagination-type--standard qodef-responsive--predefined\" data-options=\"{&quot;plugin&quot;:&quot;stal_core&quot;,&quot;module&quot;:&quot;blog\\\/shortcodes&quot;,&quot;shortcode&quot;:&quot;blog-list&quot;,&quot;post_type&quot;:&quot;post&quot;,&quot;next_page&quot;:&quot;2&quot;,&quot;max_pages_num&quot;:1,&quot;behavior&quot;:&quot;masonry&quot;,&quot;columns&quot;:&quot;2&quot;,&quot;columns_responsive&quot;:&quot;predefined&quot;,&quot;space&quot;:&quot;normal&quot;,&quot;posts_per_page&quot;:&quot;10&quot;,&quot;orderby&quot;:&quot;date&quot;,&quot;order&quot;:&quot;DESC&quot;,&quot;layout&quot;:&quot;compact&quot;,&quot;title_tag&quot;:&quot;h4&quot;,&quot;excerpt_length&quot;:&quot;500&quot;,&quot;enable_filter&quot;:&quot;no&quot;,&quot;pagination_type&quot;:&quot;standard&quot;,&quot;object_class_name&quot;:&quot;StalCoreBlogListShortcode&quot;,&quot;taxonomy_filter&quot;:&quot;category&quot;,&quot;space_value&quot;:15}\">\n\t\t<div class=\"qodef-grid-inner clear\">\n\t\t\t<div class=\"qodef-grid-masonry-sizer\"><\/div>\n\t<div class=\"qodef-grid-masonry-gutter\"><\/div>\n<article class=\"qodef-e qodef-grid-item post-6341 post type-post status-publish format-link hentry category-desavanja category-uncategorized post_format-post-format-link\">\n\t<div class=\"qodef-e-inner\">\n\t\t\t<div class=\"qodef-e-link\">\n\t\t<span class=\"qodef-icon-linea-icons icon-basic-link\" ><\/span>\t\t<h3 class=\"qodef-e-link-text\">Kliknite ovde da preuzmete Program za upravljanjem za\u0161tite \u017eivotne sredine<\/h3>\n\t\t<a itemprop=\"url\" class=\"qodef-e-link-url\" href=\"https:\/\/ultimo.rs\/sr\/program-za-upravljanjem-zastite-zivotne-sredine\/\" target=\"_blank\"><\/a>\n\t<\/div>\n\t<\/div>\n<\/article><article class=\"qodef-e qodef-grid-item post-2301 post type-post status-publish format-standard has-post-thumbnail hentry category-uncategorized\">\n\t<div class=\"qodef-e-inner\">\n\t\t<div class=\"qodef-e-media\">\n\t\t<div class=\"qodef-e-media-image\">\n\t\t<a itemprop=\"url\" href=\"https:\/\/ultimo.rs\/sr\/tekst-o-nama-u-casopisu-bf\/\">\n\t\t\t<img width=\"997\" height=\"612\" src=\"https:\/\/ultimo.rs\/wp-content\/uploads\/2020\/02\/Screenshot_12-1.png\" class=\"attachment-full size-full\" alt=\"\" loading=\"lazy\" srcset=\"https:\/\/ultimo.rs\/wp-content\/uploads\/2020\/02\/Screenshot_12-1.png 997w, https:\/\/ultimo.rs\/wp-content\/uploads\/2020\/02\/Screenshot_12-1-300x184.png 300w, https:\/\/ultimo.rs\/wp-content\/uploads\/2020\/02\/Screenshot_12-1-768x471.png 768w, https:\/\/ultimo.rs\/wp-content\/uploads\/2020\/02\/Screenshot_12-1-600x368.png 600w\" sizes=\"(max-width: 997px) 100vw, 997px\" \/>\t\t<\/a>\n\t<\/div>\n<\/div>\t\t<div class=\"qodef-e-content\">\n\t\t\t<div class=\"qodef-e-info qodef-info--top\">\n\t\t\t\t<div itemprop=\"dateCreated\" class=\"qodef-e-info-item qodef-e-info-date entry-date\">\n\t<a itemprop=\"url\" href=\"https:\/\/ultimo.rs\/sr\/2020\/02\/\">10 \u0444\u0435\u0431\u0440\u0443\u0430\u0440\u0430, 2020<\/a>\n\t<meta itemprop=\"interactionCount\" content=\"UserComments: 0\"\/>\n<\/div>\t\t\t<\/div>\n\t\t\t<div class=\"qodef-e-text\">\n\t\t\t\t<h4 itemprop=\"name\" class=\"qodef-e-title entry-title\">\n\t\t\t<a itemprop=\"url\" class=\"qodef-e-title-link\" href=\"https:\/\/ultimo.rs\/sr\/tekst-o-nama-u-casopisu-bf\/\">\n\t\t\tTekst o nama u \u010dasopisu &#8220;B&#038;F&#8221;\t\t\t<\/a>\n\t<\/h4>\t\t<p itemprop=\"description\" class=\"qodef-e-excerpt\">\n\t\t\tTekst koji je iza\u0161ao o kompaniji Ultimo u \u010dasopisu \"B&F\", broj 166, oktobar 2019.\n\t\t<\/p>\n\t\t\t\t<\/div>\n\t\t\t<div class=\"qodef-e-info qodef-info--bottom\">\n\t\t\t\t<div class=\"qodef-e-info-left\">\n\t\t\t\t\t\t<div class=\"qodef-e-read-more\">\n\t\t<a class=\"qodef-shortcode qodef-m  qodef-button qodef-layout--textual qodef-size--small qodef-html--link\" href=\"https:\/\/ultimo.rs\/sr\/tekst-o-nama-u-casopisu-bf\/\" target=\"_self\"  >\t<span class=\"qodef-m-text\">        Read More        <svg class=\"qodef-m-arrowline\" xmlns=\"http:\/\/www.w3.org\/2000\/svg\" xmlns:xlink=\"http:\/\/www.w3.org\/1999\/xlink\" x=\"0px\" y=\"0px\" viewbox=\"0 0 63 20\" xml:space=\"preserve\">                            <line x1=\"61.6\" y1=\"10\" x2=\"61.6\" y2=\"10\"\/>                            <line x1=\"62\" y1=\"10\" x2=\"61.6\" y2=\"10\"\/>                            <line x1=\"61.6\" y1=\"10\" x2=\"1\" y2=\"10\"\/>                            <path d=\"M61.6,10\"\/>                            <line x1=\"61.6\" y1=\"10\" x2=\"61.6\" y2=\"10\"\/>                            <line class=\"arrow-up\" x1=\"56.7\" y1=\"5.1\" x2=\"61.6\" y2=\"10\"\/>                            <path d=\"M61.6,10\"\/>                            <line x1=\"61.6\" y1=\"10\" x2=\"61.6\" y2=\"10\"\/>                            <line class=\"arrow-down\" x1=\"61.6\" y1=\"10\" x2=\"56.7\" y2=\"14.9\"\/>                        <\/svg>    <\/span><\/a>\t<\/div>\n\t\t\t\t<\/div>\n\t\t\t<\/div>\n\t\t<\/div>\n\t<\/div>\n<\/article><article class=\"qodef-e qodef-grid-item post-530 post type-post status-publish format-video has-post-thumbnail hentry category-uncategorized post_format-post-format-video\">\n\t<div class=\"qodef-e-inner\">\n\t\t<div class=\"qodef-e-media\">\n\t<iframe loading=\"lazy\" title=\"Ultimo gra\u0111evinska hemija\" width=\"1300\" height=\"731\" src=\"https:\/\/www.youtube.com\/embed\/dZMOTaECOlI?feature=oembed\" frameborder=\"0\" allow=\"accelerometer; autoplay; clipboard-write; encrypted-media; gyroscope; picture-in-picture; web-share\" referrerpolicy=\"strict-origin-when-cross-origin\" allowfullscreen><\/iframe><\/div>\t\t<div class=\"qodef-e-content\">\n\t\t\t<div class=\"qodef-e-info qodef-info--top\">\n\t\t\t\t<div itemprop=\"dateCreated\" class=\"qodef-e-info-item qodef-e-info-date entry-date\">\n\t<a itemprop=\"url\" href=\"https:\/\/ultimo.rs\/sr\/2020\/02\/\">4 \u0444\u0435\u0431\u0440\u0443\u0430\u0440\u0430, 2020<\/a>\n\t<meta itemprop=\"interactionCount\" content=\"UserComments: 0\"\/>\n<\/div>\t\t\t<\/div>\n\t\t\t<div class=\"qodef-e-text\">\n\t\t\t\t<h4 itemprop=\"name\" class=\"qodef-e-title entry-title\">\n\t\t\t<a itemprop=\"url\" class=\"qodef-e-title-link\" href=\"https:\/\/ultimo.rs\/sr\/fond-republike-srbije-za-inovacionu-delatnost\/\">\n\t\t\tFond Republike Srbije za inovacionu delatnost\t\t\t<\/a>\n\t<\/h4>\t\t<p itemprop=\"description\" class=\"qodef-e-excerpt\">\n\t\t\tProjekat finansira Fond za inovacionu delatnost iz bud\u017eeta Republike Srbije sa razdela Ministarstva prosvete, nauke i tehnolo\u0161kog razvoja, a kroz Projekat za unapre\u0111enje konkurentnosti i zapo\u0161ljavanja (sporazum o zajmu sa Svetskom bankom).\t\t<\/p>\n\t\t\t\t<\/div>\n\t\t\t<div class=\"qodef-e-info qodef-info--bottom\">\n\t\t\t\t<div class=\"qodef-e-info-left\">\n\t\t\t\t\t\t<div class=\"qodef-e-read-more\">\n\t\t<a class=\"qodef-shortcode qodef-m  qodef-button qodef-layout--textual qodef-size--small qodef-html--link\" href=\"https:\/\/ultimo.rs\/sr\/fond-republike-srbije-za-inovacionu-delatnost\/\" target=\"_self\"  >\t<span class=\"qodef-m-text\">        Read More        <svg class=\"qodef-m-arrowline\" xmlns=\"http:\/\/www.w3.org\/2000\/svg\" xmlns:xlink=\"http:\/\/www.w3.org\/1999\/xlink\" x=\"0px\" y=\"0px\" viewbox=\"0 0 63 20\" xml:space=\"preserve\">                            <line x1=\"61.6\" y1=\"10\" x2=\"61.6\" y2=\"10\"\/>                            <line x1=\"62\" y1=\"10\" x2=\"61.6\" y2=\"10\"\/>                            <line x1=\"61.6\" y1=\"10\" x2=\"1\" y2=\"10\"\/>                            <path d=\"M61.6,10\"\/>                            <line x1=\"61.6\" y1=\"10\" x2=\"61.6\" y2=\"10\"\/>                            <line class=\"arrow-up\" x1=\"56.7\" y1=\"5.1\" x2=\"61.6\" y2=\"10\"\/>                            <path d=\"M61.6,10\"\/>                            <line x1=\"61.6\" y1=\"10\" x2=\"61.6\" y2=\"10\"\/>                            <line class=\"arrow-down\" x1=\"61.6\" y1=\"10\" x2=\"56.7\" y2=\"14.9\"\/>                        <\/svg>    <\/span><\/a>\t<\/div>\n\t\t\t\t<\/div>\n\t\t\t<\/div>\n\t\t<\/div>\n\t<\/div>\n<\/article><article class=\"qodef-e qodef-grid-item post-6372 post type-post status-publish format-standard hentry category-materijali\">\n\t<div class=\"qodef-e-inner\">\n\t\t<div class=\"qodef-e-media\">\n\t\t<div class=\"qodef-e-media-image\">\n\t\t<a itemprop=\"url\" href=\"https:\/\/ultimo.rs\/sr\/hidrocem-univerzalno-resenje-vasih-problema\/\">\n\t\t\t<img width=\"1080\" height=\"486\" src=\"https:\/\/ultimo.rs\/wp-content\/uploads\/2017\/04\/Screenshot_1.png\" class=\"attachment-full size-full\" alt=\"\" loading=\"lazy\" srcset=\"https:\/\/ultimo.rs\/wp-content\/uploads\/2017\/04\/Screenshot_1.png 1080w, https:\/\/ultimo.rs\/wp-content\/uploads\/2017\/04\/Screenshot_1-300x135.png 300w, https:\/\/ultimo.rs\/wp-content\/uploads\/2017\/04\/Screenshot_1-1024x461.png 1024w, https:\/\/ultimo.rs\/wp-content\/uploads\/2017\/04\/Screenshot_1-768x346.png 768w, https:\/\/ultimo.rs\/wp-content\/uploads\/2017\/04\/Screenshot_1-600x270.png 600w\" sizes=\"(max-width: 1080px) 100vw, 1080px\" \/>\t\t<\/a>\n\t<\/div>\n<\/div>\t\t<div class=\"qodef-e-content\">\n\t\t\t<div class=\"qodef-e-info qodef-info--top\">\n\t\t\t\t<div itemprop=\"dateCreated\" class=\"qodef-e-info-item qodef-e-info-date entry-date\">\n\t<a itemprop=\"url\" href=\"https:\/\/ultimo.rs\/sr\/2017\/04\/\">30 \u0430\u043f\u0440\u0438\u043b\u0430, 2017<\/a>\n\t<meta itemprop=\"interactionCount\" content=\"UserComments: 0\"\/>\n<\/div>\t\t\t<\/div>\n\t\t\t<div class=\"qodef-e-text\">\n\t\t\t\t<h4 itemprop=\"name\" class=\"qodef-e-title entry-title\">\n\t\t\t<a itemprop=\"url\" class=\"qodef-e-title-link\" href=\"https:\/\/ultimo.rs\/sr\/hidrocem-univerzalno-resenje-vasih-problema\/\">\n\t\t\tHidrocem &#8211; univerzalno re\u0161enje Va\u0161ih problema\t\t\t<\/a>\n\t<\/h4>\t\t<p itemprop=\"description\" class=\"qodef-e-excerpt\">\n\t\t\tHIDROIZOLACIJA HIDROCEM je kompletno re\u0161enje za sve probleme sa prodorom vode i vlagom u Va\u0161em domu. Slede\u0107i visoko-tehnolo\u0161ke standarde na kojima su bazirani svi na\u0161i proizvodi, u prilici smo da ponudimo dugoro\u010dna, profesionalna re\u0161enja za hidroizolaciju temelja, zidova i podruma, hidroizolaciju kupatila, hidroizolaciju rezervoara, kanala i ribnjaka, hidroizolaciju bazena, hidroizolaciju krovova, hidroizolaciju tunela, mostovskih konstrukcija, itd.\t\t<\/p>\n\t\t\t\t<\/div>\n\t\t\t<div class=\"qodef-e-info qodef-info--bottom\">\n\t\t\t\t<div class=\"qodef-e-info-left\">\n\t\t\t\t\t\t<div class=\"qodef-e-read-more\">\n\t\t<a class=\"qodef-shortcode qodef-m  qodef-button qodef-layout--textual qodef-size--small qodef-html--link\" href=\"https:\/\/ultimo.rs\/sr\/hidrocem-univerzalno-resenje-vasih-problema\/\" target=\"_self\"  >\t<span class=\"qodef-m-text\">        Read More        <svg class=\"qodef-m-arrowline\" xmlns=\"http:\/\/www.w3.org\/2000\/svg\" xmlns:xlink=\"http:\/\/www.w3.org\/1999\/xlink\" x=\"0px\" y=\"0px\" viewbox=\"0 0 63 20\" xml:space=\"preserve\">                            <line x1=\"61.6\" y1=\"10\" x2=\"61.6\" y2=\"10\"\/>                            <line x1=\"62\" y1=\"10\" x2=\"61.6\" y2=\"10\"\/>                            <line x1=\"61.6\" y1=\"10\" x2=\"1\" y2=\"10\"\/>                            <path d=\"M61.6,10\"\/>                            <line x1=\"61.6\" y1=\"10\" x2=\"61.6\" y2=\"10\"\/>                            <line class=\"arrow-up\" x1=\"56.7\" y1=\"5.1\" x2=\"61.6\" y2=\"10\"\/>                            <path d=\"M61.6,10\"\/>                            <line x1=\"61.6\" y1=\"10\" x2=\"61.6\" y2=\"10\"\/>                            <line class=\"arrow-down\" x1=\"61.6\" y1=\"10\" x2=\"56.7\" y2=\"14.9\"\/>                        <\/svg>    <\/span><\/a>\t<\/div>\n\t\t\t\t<\/div>\n\t\t\t<\/div>\n\t\t<\/div>\n\t<\/div>\n<\/article>\t<\/div>\n\t<\/div>\t\t<\/div>\n\t\t\t\t<\/div>\n\t\t\t\t\t<\/div>\n\t\t<\/div>\n\t\t\t\t\t\t\t<\/div>\n\t\t<\/section>\n\t\t\t\t\t\t<\/div>\n\t\t\t\t\t<\/div>","protected":false},"excerpt":{"rendered":"<p>Kliknite ovde da preuzmete Program za upravljanjem za\u0161tite \u017eivotne sredine February 10, 2020 Tekst o nama u \u010dasopisu &#8220;B&#038;F&#8221; Tekst koji je iza\u0161ao o kompaniji Ultimo u \u010dasopisu &#8220;B&#038;F&#8221;, broj 166, oktobar 2019. Read More February 4, 2020 Fond Republike Srbije za inovacionu delatnost Projekat finansira Fond za inovacionu delatnost iz bud\u017eeta Republike Srbije sa [&hellip;]<\/p>","protected":false},"author":1,"featured_media":0,"parent":0,"menu_order":0,"comment_status":"closed","ping_status":"closed","template":"","meta":[],"_links":{"self":[{"href":"https:\/\/ultimo.rs\/sr\/wp-json\/wp\/v2\/pages\/5741"}],"collection":[{"href":"https:\/\/ultimo.rs\/sr\/wp-json\/wp\/v2\/pages"}],"about":[{"href":"https:\/\/ultimo.rs\/sr\/wp-json\/wp\/v2\/types\/page"}],"author":[{"embeddable":true,"href":"https:\/\/ultimo.rs\/sr\/wp-json\/wp\/v2\/users\/1"}],"replies":[{"embeddable":true,"href":"https:\/\/ultimo.rs\/sr\/wp-json\/wp\/v2\/comments?post=5741"}],"version-history":[{"count":71,"href":"https:\/\/ultimo.rs\/sr\/wp-json\/wp\/v2\/pages\/5741\/revisions"}],"predecessor-version":[{"id":6496,"href":"https:\/\/ultimo.rs\/sr\/wp-json\/wp\/v2\/pages\/5741\/revisions\/6496"}],"wp:attachment":[{"href":"https:\/\/ultimo.rs\/sr\/wp-json\/wp\/v2\/media?parent=5741"}],"curies":[{"name":"wp","href":"https:\/\/api.w.org\/{rel}","templated":true}]}}