{"id":1517,"date":"2020-02-12T14:02:30","date_gmt":"2020-02-12T14:02:30","guid":{"rendered":"https:\/\/stal.qodeinteractive.com\/?page_id=1517"},"modified":"2021-08-24T08:55:33","modified_gmt":"2021-08-24T08:55:33","slug":"portfolio","status":"publish","type":"page","link":"https:\/\/ultimo.rs\/sr\/portfolio\/","title":{"rendered":"Portfolio"},"content":{"rendered":"<div data-elementor-type=\"wp-page\" data-elementor-id=\"1517\" class=\"elementor elementor-1517\" data-elementor-settings=\"[]\">\n\t\t\t\t\t\t\t<div class=\"elementor-section-wrap\">\n\t\t\t\t\t\t\t<section class=\"elementor-section elementor-top-section elementor-element elementor-element-4420d01 elementor-section-boxed elementor-section-height-default elementor-section-height-default qodef-elementor-content-no\" data-id=\"4420d01\" data-element_type=\"section\" data-settings=\"{&quot;background_background&quot;:&quot;classic&quot;}\">\n\t\t\t\t\t\t<div class=\"elementor-container elementor-column-gap-default\">\n\t\t\t\t\t<div class=\"elementor-column elementor-col-100 elementor-top-column elementor-element elementor-element-b99da4d\" data-id=\"b99da4d\" data-element_type=\"column\">\n\t\t\t<div class=\"elementor-widget-wrap elementor-element-populated\">\n\t\t\t\t\t\t\t\t<div class=\"elementor-element elementor-element-0c70e1b elementor-widget elementor-widget-qi_addons_for_elementor_animated_text\" data-id=\"0c70e1b\" data-element_type=\"widget\" data-widget_type=\"qi_addons_for_elementor_animated_text.default\">\n\t\t\t\t<div class=\"elementor-widget-container\">\n\t\t\t<div class=\"qodef-shortcode qodef-m  qodef-qi-animated-text  qodef--alignment-left qodef-qi--has-appear qodef--appear-from-bottom\">\n\t\t<h2 class=\"qodef-m-title\">\n\t\tNa\u0161i projekti\t<\/h2>\n<\/div>\n\t\t<\/div>\n\t\t\t\t<\/div>\n\t\t\t\t<div class=\"elementor-element elementor-element-21b609b elementor-widget elementor-widget-stal_core_portfolio_list\" data-id=\"21b609b\" data-element_type=\"widget\" data-widget_type=\"stal_core_portfolio_list.default\">\n\t\t\t\t<div class=\"elementor-widget-container\">\n\t\t\t<div class=\"qodef-shortcode qodef-m  qodef-portfolio-list qodef-item-layout--info-below qodef-grid qodef-layout--columns  qodef-gutter--normal qodef-col-num--3 qodef-item-layout--info-below qodef--no-bottom-space qodef-pagination--off qodef-responsive--predefined qodef-hover-animation--tilt\" data-options=\"{&quot;plugin&quot;:&quot;stal_core&quot;,&quot;module&quot;:&quot;post-types\\\/portfolio\\\/shortcodes&quot;,&quot;shortcode&quot;:&quot;portfolio-list&quot;,&quot;post_type&quot;:&quot;portfolio-item&quot;,&quot;next_page&quot;:&quot;2&quot;,&quot;behavior&quot;:&quot;columns&quot;,&quot;images_proportion&quot;:&quot;custom&quot;,&quot;custom_image_width&quot;:&quot;350&quot;,&quot;custom_image_height&quot;:&quot;350&quot;,&quot;columns&quot;:&quot;3&quot;,&quot;columns_responsive&quot;:&quot;predefined&quot;,&quot;space&quot;:&quot;normal&quot;,&quot;orderby&quot;:&quot;date&quot;,&quot;order&quot;:&quot;DESC&quot;,&quot;layout&quot;:&quot;info-below&quot;,&quot;hover_animation_info-below&quot;:&quot;tilt&quot;,&quot;hover_animation_info-on-hover&quot;:&quot;fade-in&quot;,&quot;title_tag&quot;:&quot;h4&quot;,&quot;custom_padding&quot;:&quot;no&quot;,&quot;pagination_type&quot;:&quot;no-pagination&quot;,&quot;object_class_name&quot;:&quot;StalCorePortfolioListShortcode&quot;,&quot;taxonomy_filter&quot;:&quot;portfolio-category&quot;,&quot;space_value&quot;:15}\">\n\t\t<div class=\"qodef-grid-inner clear\">\n\t\t<article class=\"qodef-e qodef-grid-item qodef-item--custom post-6240 portfolio-item type-portfolio-item status-publish has-post-thumbnail hentry\">\n\t<div class=\"qodef-e-inner\" >\n\t\t<div class=\"qodef-e-image\">\n\t\t\t\t<div class=\"qodef-e-media-image\">\n\t\t<a itemprop=\"url\" href=\"https:\/\/ultimo.rs\/sr\/portfolio-item\/garaza-stambena-zgrada-slavka-curuvije-dedinje-bg\/\">\n\t\t\t<img loading=\"lazy\" src=\"https:\/\/ultimo.rs\/wp-content\/uploads\/2021\/08\/Ferbeton-APC-21-F1-IMG_20200902_120949-scaled-350x350.jpg\" alt=\"\" width=\"350\" height=\"350\" data-ratio=\"1\" \/>\t\t<\/a>\n\t<\/div>\n\t\t<\/div>\n\t\t<div class=\"qodef-e-content\" >\n\t\t\t\t\t\t<h4 itemprop=\"name\" class=\"qodef-e-title entry-title\" >\n\t<a itemprop=\"url\" class=\"qodef-e-title-link\" href=\"https:\/\/ultimo.rs\/sr\/portfolio-item\/garaza-stambena-zgrada-slavka-curuvije-dedinje-bg\/\">\n\t\tGara\u017ea, stambena zgrada, Slavka \u0106uruvije &#8211; Dedinje, BG\t<\/a>\n<\/h4>\t\t<\/div>\n\t<\/div>\n<\/article><article class=\"qodef-e qodef-grid-item qodef-item--custom post-6239 portfolio-item type-portfolio-item status-publish has-post-thumbnail hentry\">\n\t<div class=\"qodef-e-inner\" >\n\t\t<div class=\"qodef-e-image\">\n\t\t\t\t<div class=\"qodef-e-media-image\">\n\t\t<a itemprop=\"url\" href=\"https:\/\/ultimo.rs\/sr\/portfolio-item\/pod-destilerije-jezdic-valjevo\/\">\n\t\t\t<img loading=\"lazy\" src=\"https:\/\/ultimo.rs\/wp-content\/uploads\/2021\/08\/Industrija-sa-vlakancima-350x350.jpg\" alt=\"\" width=\"350\" height=\"350\" data-ratio=\"1\" \/>\t\t<\/a>\n\t<\/div>\n\t\t<\/div>\n\t\t<div class=\"qodef-e-content\" >\n\t\t\t\t\t\t<h4 itemprop=\"name\" class=\"qodef-e-title entry-title\" >\n\t<a itemprop=\"url\" class=\"qodef-e-title-link\" href=\"https:\/\/ultimo.rs\/sr\/portfolio-item\/pod-destilerije-jezdic-valjevo\/\">\n\t\tPod destilerije JEZDI\u0106, Valjevo\t<\/a>\n<\/h4>\t\t<\/div>\n\t<\/div>\n<\/article><article class=\"qodef-e qodef-grid-item qodef-item--custom post-6238 portfolio-item type-portfolio-item status-publish has-post-thumbnail hentry\">\n\t<div class=\"qodef-e-inner\" >\n\t\t<div class=\"qodef-e-image\">\n\t\t\t\t<div class=\"qodef-e-media-image\">\n\t\t<a itemprop=\"url\" href=\"https:\/\/ultimo.rs\/sr\/portfolio-item\/pod-arhive-liberville-gabon\/\">\n\t\t\t<img loading=\"lazy\" src=\"https:\/\/ultimo.rs\/wp-content\/uploads\/2021\/08\/WhatsApp-Image-2021-08-29-at-11.19.36-350x350.jpeg\" alt=\"\" width=\"350\" height=\"350\" data-ratio=\"1\" \/>\t\t<\/a>\n\t<\/div>\n\t\t<\/div>\n\t\t<div class=\"qodef-e-content\" >\n\t\t\t\t\t\t<h4 itemprop=\"name\" class=\"qodef-e-title entry-title\" >\n\t<a itemprop=\"url\" class=\"qodef-e-title-link\" href=\"https:\/\/ultimo.rs\/sr\/portfolio-item\/pod-arhive-liberville-gabon\/\">\n\t\tPod arhive, Libreville, Gabon\t<\/a>\n<\/h4>\t\t<\/div>\n\t<\/div>\n<\/article><article class=\"qodef-e qodef-grid-item qodef-item--custom post-6235 portfolio-item type-portfolio-item status-publish has-post-thumbnail hentry\">\n\t<div class=\"qodef-e-inner\" >\n\t\t<div class=\"qodef-e-image\">\n\t\t\t\t<div class=\"qodef-e-media-image\">\n\t\t<a itemprop=\"url\" href=\"https:\/\/ultimo.rs\/sr\/portfolio-item\/osnovna-skola-u-librevilu-gabon-afrika\/\">\n\t\t\t<img loading=\"lazy\" src=\"https:\/\/ultimo.rs\/wp-content\/uploads\/2021\/08\/Polibet-dekorativ-pod-2-350x350.jpg\" alt=\"\" width=\"350\" height=\"350\" data-ratio=\"1\" \/>\t\t<\/a>\n\t<\/div>\n\t\t<\/div>\n\t\t<div class=\"qodef-e-content\" >\n\t\t\t\t\t\t<h4 itemprop=\"name\" class=\"qodef-e-title entry-title\" >\n\t<a itemprop=\"url\" class=\"qodef-e-title-link\" href=\"https:\/\/ultimo.rs\/sr\/portfolio-item\/osnovna-skola-u-librevilu-gabon-afrika\/\">\n\t\tOsnovna \u0161kola, Libreville, Gabon\t<\/a>\n<\/h4>\t\t<\/div>\n\t<\/div>\n<\/article><article class=\"qodef-e qodef-grid-item qodef-item--custom post-6234 portfolio-item type-portfolio-item status-publish has-post-thumbnail hentry\">\n\t<div class=\"qodef-e-inner\" >\n\t\t<div class=\"qodef-e-image\">\n\t\t\t\t<div class=\"qodef-e-media-image\">\n\t\t<a itemprop=\"url\" href=\"https:\/\/ultimo.rs\/sr\/portfolio-item\/pod-terase-restorana-na-banovom-brdu-beograd\/\">\n\t\t\t<img loading=\"lazy\" src=\"https:\/\/ultimo.rs\/wp-content\/uploads\/2021\/08\/Polibet-dekorativ-pod-350x350.jpg\" alt=\"\" width=\"350\" height=\"350\" data-ratio=\"1\" \/>\t\t<\/a>\n\t<\/div>\n\t\t<\/div>\n\t\t<div class=\"qodef-e-content\" >\n\t\t\t\t\t\t<h4 itemprop=\"name\" class=\"qodef-e-title entry-title\" >\n\t<a itemprop=\"url\" class=\"qodef-e-title-link\" href=\"https:\/\/ultimo.rs\/sr\/portfolio-item\/pod-terase-restorana-na-banovom-brdu-beograd\/\">\n\t\tPod terase restorana na Banovom Brdu, Beograd\t<\/a>\n<\/h4>\t\t<\/div>\n\t<\/div>\n<\/article><article class=\"qodef-e qodef-grid-item qodef-item--custom post-6233 portfolio-item type-portfolio-item status-publish has-post-thumbnail hentry\">\n\t<div class=\"qodef-e-inner\" >\n\t\t<div class=\"qodef-e-image\">\n\t\t\t\t<div class=\"qodef-e-media-image\">\n\t\t<a itemprop=\"url\" href=\"https:\/\/ultimo.rs\/sr\/portfolio-item\/proizvodna-hala-markovac\/\">\n\t\t\t<img loading=\"lazy\" src=\"https:\/\/ultimo.rs\/wp-content\/uploads\/2021\/08\/Ferro-scaled-350x350.jpg\" alt=\"\" width=\"350\" height=\"350\" data-ratio=\"1\" \/>\t\t<\/a>\n\t<\/div>\n\t\t<\/div>\n\t\t<div class=\"qodef-e-content\" >\n\t\t\t\t\t\t<h4 itemprop=\"name\" class=\"qodef-e-title entry-title\" >\n\t<a itemprop=\"url\" class=\"qodef-e-title-link\" href=\"https:\/\/ultimo.rs\/sr\/portfolio-item\/proizvodna-hala-markovac\/\">\n\t\tProizvodna hala Markovac\t<\/a>\n<\/h4>\t\t<\/div>\n\t<\/div>\n<\/article><article class=\"qodef-e qodef-grid-item qodef-item--custom post-6231 portfolio-item type-portfolio-item status-publish has-post-thumbnail hentry\">\n\t<div class=\"qodef-e-inner\" >\n\t\t<div class=\"qodef-e-image\">\n\t\t\t\t<div class=\"qodef-e-media-image\">\n\t\t<a itemprop=\"url\" href=\"https:\/\/ultimo.rs\/sr\/portfolio-item\/ravan-krov-marsala-birjuzova-beograd\/\">\n\t\t\t<img loading=\"lazy\" src=\"https:\/\/ultimo.rs\/wp-content\/uploads\/2021\/08\/Hidrocem-ravan-krov-350x350.jpg\" alt=\"\" width=\"350\" height=\"350\" data-ratio=\"1\" \/>\t\t<\/a>\n\t<\/div>\n\t\t<\/div>\n\t\t<div class=\"qodef-e-content\" >\n\t\t\t\t\t\t<h4 itemprop=\"name\" class=\"qodef-e-title entry-title\" >\n\t<a itemprop=\"url\" class=\"qodef-e-title-link\" href=\"https:\/\/ultimo.rs\/sr\/portfolio-item\/ravan-krov-marsala-birjuzova-beograd\/\">\n\t\tRavan krov, Mar\u0161ala Birjuzova, Beograd\t<\/a>\n<\/h4>\t\t<\/div>\n\t<\/div>\n<\/article><article class=\"qodef-e qodef-grid-item qodef-item--custom post-6230 portfolio-item type-portfolio-item status-publish has-post-thumbnail hentry\">\n\t<div class=\"qodef-e-inner\" >\n\t\t<div class=\"qodef-e-image\">\n\t\t\t\t<div class=\"qodef-e-media-image\">\n\t\t<a itemprop=\"url\" href=\"https:\/\/ultimo.rs\/sr\/portfolio-item\/tunel-srebrenik-bih\/\">\n\t\t\t<img loading=\"lazy\" src=\"https:\/\/ultimo.rs\/wp-content\/uploads\/2021\/08\/Tunel-350x350.jpg\" alt=\"\" width=\"350\" height=\"350\" data-ratio=\"1\" \/>\t\t<\/a>\n\t<\/div>\n\t\t<\/div>\n\t\t<div class=\"qodef-e-content\" >\n\t\t\t\t\t\t<h4 itemprop=\"name\" class=\"qodef-e-title entry-title\" >\n\t<a itemprop=\"url\" class=\"qodef-e-title-link\" href=\"https:\/\/ultimo.rs\/sr\/portfolio-item\/tunel-srebrenik-bih\/\">\n\t\tTunel, Srebrenik, BiH\t<\/a>\n<\/h4>\t\t<\/div>\n\t<\/div>\n<\/article><article class=\"qodef-e qodef-grid-item qodef-item--custom post-6221 portfolio-item type-portfolio-item status-publish has-post-thumbnail hentry\">\n\t<div class=\"qodef-e-inner\" >\n\t\t<div class=\"qodef-e-image\">\n\t\t\t\t<div class=\"qodef-e-media-image\">\n\t\t<a itemprop=\"url\" href=\"https:\/\/ultimo.rs\/sr\/portfolio-item\/hotel-danubia-park-srebrno-jezero\/\">\n\t\t\t<img loading=\"lazy\" src=\"https:\/\/ultimo.rs\/wp-content\/uploads\/2021\/08\/Bazen-02-350x350.jpg\" alt=\"\" width=\"350\" height=\"350\" data-ratio=\"1\" \/>\t\t<\/a>\n\t<\/div>\n\t\t<\/div>\n\t\t<div class=\"qodef-e-content\" >\n\t\t\t\t\t\t<h4 itemprop=\"name\" class=\"qodef-e-title entry-title\" >\n\t<a itemprop=\"url\" class=\"qodef-e-title-link\" href=\"https:\/\/ultimo.rs\/sr\/portfolio-item\/hotel-danubia-park-srebrno-jezero\/\">\n\t\tHotel DANUBIA PARK, Srebrno Jezero\t<\/a>\n<\/h4>\t\t<\/div>\n\t<\/div>\n<\/article><article class=\"qodef-e qodef-grid-item qodef-item--custom post-6220 portfolio-item type-portfolio-item status-publish has-post-thumbnail hentry\">\n\t<div class=\"qodef-e-inner\" >\n\t\t<div class=\"qodef-e-image\">\n\t\t\t\t<div class=\"qodef-e-media-image\">\n\t\t<a itemprop=\"url\" href=\"https:\/\/ultimo.rs\/sr\/portfolio-item\/podvoznjak-sremska-mitrovica\/\">\n\t\t\t<img loading=\"lazy\" src=\"https:\/\/ultimo.rs\/wp-content\/uploads\/2021\/08\/Hidrocem-2-scaled-350x350.jpg\" alt=\"\" width=\"350\" height=\"350\" data-ratio=\"1\" \/>\t\t<\/a>\n\t<\/div>\n\t\t<\/div>\n\t\t<div class=\"qodef-e-content\" >\n\t\t\t\t\t\t<h4 itemprop=\"name\" class=\"qodef-e-title entry-title\" >\n\t<a itemprop=\"url\" class=\"qodef-e-title-link\" href=\"https:\/\/ultimo.rs\/sr\/portfolio-item\/podvoznjak-sremska-mitrovica\/\">\n\t\tPodvo\u017enjak, Sremska Mitrovica\t<\/a>\n<\/h4>\t\t<\/div>\n\t<\/div>\n<\/article><article class=\"qodef-e qodef-grid-item qodef-item--custom post-6218 portfolio-item type-portfolio-item status-publish has-post-thumbnail hentry\">\n\t<div class=\"qodef-e-inner\" >\n\t\t<div class=\"qodef-e-image\">\n\t\t\t\t<div class=\"qodef-e-media-image\">\n\t\t<a itemprop=\"url\" href=\"https:\/\/ultimo.rs\/sr\/portfolio-item\/krov-laboratorije-u-vrcinu-beograd\/\">\n\t\t\t<img loading=\"lazy\" src=\"https:\/\/ultimo.rs\/wp-content\/uploads\/2020\/03\/Krov-laboratorije-350x350.jpg\" alt=\"\" width=\"350\" height=\"350\" data-ratio=\"1\" \/>\t\t<\/a>\n\t<\/div>\n\t\t<\/div>\n\t\t<div class=\"qodef-e-content\" >\n\t\t\t\t\t\t<h4 itemprop=\"name\" class=\"qodef-e-title entry-title\" >\n\t<a itemprop=\"url\" class=\"qodef-e-title-link\" href=\"https:\/\/ultimo.rs\/sr\/portfolio-item\/krov-laboratorije-u-vrcinu-beograd\/\">\n\t\tKrov laboratorije u Vr\u010dinu, Beograd\t<\/a>\n<\/h4>\t\t<\/div>\n\t<\/div>\n<\/article><article class=\"qodef-e qodef-grid-item qodef-item--custom post-5641 portfolio-item type-portfolio-item status-publish has-post-thumbnail hentry\">\n\t<div class=\"qodef-e-inner\" >\n\t\t<div class=\"qodef-e-image\">\n\t\t\t\t<div class=\"qodef-e-media-image\">\n\t\t<a itemprop=\"url\" href=\"https:\/\/ultimo.rs\/sr\/portfolio-item\/grosnica\/\">\n\t\t\t<img loading=\"lazy\" src=\"https:\/\/ultimo.rs\/wp-content\/uploads\/2021\/08\/Grosnica-filterska-stanica-sl-2-350x350.jpg\" alt=\"\" width=\"350\" height=\"350\" data-ratio=\"1\" \/>\t\t<\/a>\n\t<\/div>\n\t\t<\/div>\n\t\t<div class=\"qodef-e-content\" >\n\t\t\t\t\t\t<h4 itemprop=\"name\" class=\"qodef-e-title entry-title\" >\n\t<a itemprop=\"url\" class=\"qodef-e-title-link\" href=\"https:\/\/ultimo.rs\/sr\/portfolio-item\/grosnica\/\">\n\t\tBrana vodoja\u017ea, Gro\u0161nica\t<\/a>\n<\/h4>\t\t<\/div>\n\t<\/div>\n<\/article>\t<\/div>\n\t<\/div>\t\t<\/div>\n\t\t\t\t<\/div>\n\t\t\t\t\t<\/div>\n\t\t<\/div>\n\t\t\t\t\t\t\t<\/div>\n\t\t<\/section>\n\t\t\t\t\t\t<\/div>\n\t\t\t\t\t<\/div>","protected":false},"excerpt":{"rendered":"<p>Na\u0161i projekti Gara\u017ea, stambena zgrada, Slavka \u0106uruvije &#8211; Dedinje, BG Pod destilerije JEZDI\u0106, Valjevo Pod arhive, Librewil, Gabon Osnovna \u0161kola u Librewilu, Gabon Pod terase restorana na Banovom Brdu, Beograd Proizvodna hala Markovac Ravan krov, Mar\u0161ala Birjuzova, Beograd Tunel, Srebrenik, BiH Hotel DANUBIA PARK, Srebrno Jezero Podvo\u017enjak, Sremska Mitrovica Krov laboratorije u Vr\u010dinu, Beograd Brana [&hellip;]<\/p>","protected":false},"author":1,"featured_media":0,"parent":0,"menu_order":0,"comment_status":"closed","ping_status":"closed","template":"","meta":[],"_links":{"self":[{"href":"https:\/\/ultimo.rs\/sr\/wp-json\/wp\/v2\/pages\/1517"}],"collection":[{"href":"https:\/\/ultimo.rs\/sr\/wp-json\/wp\/v2\/pages"}],"about":[{"href":"https:\/\/ultimo.rs\/sr\/wp-json\/wp\/v2\/types\/page"}],"author":[{"embeddable":true,"href":"https:\/\/ultimo.rs\/sr\/wp-json\/wp\/v2\/users\/1"}],"replies":[{"embeddable":true,"href":"https:\/\/ultimo.rs\/sr\/wp-json\/wp\/v2\/comments?post=1517"}],"version-history":[{"count":15,"href":"https:\/\/ultimo.rs\/sr\/wp-json\/wp\/v2\/pages\/1517\/revisions"}],"predecessor-version":[{"id":6832,"href":"https:\/\/ultimo.rs\/sr\/wp-json\/wp\/v2\/pages\/1517\/revisions\/6832"}],"wp:attachment":[{"href":"https:\/\/ultimo.rs\/sr\/wp-json\/wp\/v2\/media?parent=1517"}],"curies":[{"name":"wp","href":"https:\/\/api.w.org\/{rel}","templated":true}]}}